{"id":19602,"date":"2024-03-10T15:15:53","date_gmt":"2024-03-10T14:15:53","guid":{"rendered":"https:\/\/www.promotio.sk\/shop\/nezaraden\u00e9\/honey\/"},"modified":"2024-03-10T15:20:17","modified_gmt":"2024-03-10T14:20:17","slug":"honey","status":"publish","type":"product","link":"https:\/\/www.promotio.sk\/de\/shop\/promo-clothing\/tee-shirts\/cam\/honey\/","title":{"rendered":"HONIG"},"content":{"rendered":"<p>Kurz\u00e4rmliger Single-Jersey-Body. Rundhalsausschnitt und 1x1-Rundrippkante. Druckknopfverschluss im Schritt. \u00dcberkreuzte Schulter\u00f6ffnung.<br \/>Zusammensetzung: 96% gek\u00e4mmte Baumwolle \/ 4% Elastan, 175 g\/m\u00b2 Single Jersey.<br \/>Anmerkungen: *Abnehmbares Etikett.<\/p>","protected":false},"excerpt":{"rendered":"<p>Short-sleeve single jersey bodysuit. Crew neck and 1&#215;1 round ribbed edge. Snap button fastening in the crotch. Crossed shoulder opening.Composition:<\/p>","protected":false},"featured_media":19603,"comment_status":"open","ping_status":"closed","template":"","meta":[],"product_cat":[461,460],"product_tag":[],"class_list":{"0":"post-19602","1":"product","2":"type-product","3":"status-publish","4":"has-post-thumbnail","6":"product_cat-cam","7":"product_cat-tee-shirts","9":"first","10":"instock","11":"shipping-taxable","12":"purchasable","13":"product-type-variable"},"_links":{"self":[{"href":"https:\/\/www.promotio.sk\/de\/wp-json\/wp\/v2\/product\/19602","targetHints":{"allow":["GET"]}}],"collection":[{"href":"https:\/\/www.promotio.sk\/de\/wp-json\/wp\/v2\/product"}],"about":[{"href":"https:\/\/www.promotio.sk\/de\/wp-json\/wp\/v2\/types\/product"}],"replies":[{"embeddable":true,"href":"https:\/\/www.promotio.sk\/de\/wp-json\/wp\/v2\/comments?post=19602"}],"wp:featuredmedia":[{"embeddable":true,"href":"https:\/\/www.promotio.sk\/de\/wp-json\/wp\/v2\/media\/19603"}],"wp:attachment":[{"href":"https:\/\/www.promotio.sk\/de\/wp-json\/wp\/v2\/media?parent=19602"}],"wp:term":[{"taxonomy":"product_cat","embeddable":true,"href":"https:\/\/www.promotio.sk\/de\/wp-json\/wp\/v2\/product_cat?post=19602"},{"taxonomy":"product_tag","embeddable":true,"href":"https:\/\/www.promotio.sk\/de\/wp-json\/wp\/v2\/product_tag?post=19602"}],"curies":[{"name":"wp","href":"https:\/\/api.w.org\/{rel}","templated":true}]}}