{"id":19550,"date":"2024-03-10T12:45:13","date_gmt":"2024-03-10T11:45:13","guid":{"rendered":"https:\/\/www.promotio.sk\/shop\/nezaraden\u00e9\/star\/"},"modified":"2024-03-10T13:04:53","modified_gmt":"2024-03-10T12:04:53","slug":"star","status":"publish","type":"product","link":"https:\/\/www.promotio.sk\/de\/shop\/pol_s\/shorts-sleeve\/star\/","title":{"rendered":"STERN"},"content":{"rendered":"<p>Kurzarm-Poloshirt f\u00fcr Herren. Verst\u00e4rkte verdeckte N\u00e4hte im Innenkragen. B\u00fcndchen und Kragen im 1\u00d71-Ripp-Muster. Seitenn\u00e4hte. 3-Knopf-Leiste und Seitenschlitze.<br \/>Zusammensetzung: 100% Baumwolle, Piqu\u00e9, 200 g\/m\u00b2.<br \/>\nGrau meliert 58: 85% Baumwolle, \/ 15% Viskose.<br \/>Bemerkungen: *Optionale Tasche.<br \/>\n*Abnehmbares Etikett.<br \/>\n*Duo-Konzept.<br \/>\n*Kindergr\u00f6\u00dfen verf\u00fcgbar.<br \/><img decoding=\"async\" src=\"https:\/\/static.gorfactory.es\/pics\/measures\/PO_MC_HO.jpg\"><\/p>","protected":false},"excerpt":{"rendered":"<p>Short-sleeve polo shirt for men. Reinforced covered seams in interior collar. 1&#215;1 ribbed cuffs and collar. Side seams. 3-button placket<\/p>","protected":false},"featured_media":19553,"comment_status":"open","ping_status":"closed","template":"","meta":[],"product_cat":[434,435],"product_tag":[],"class_list":{"0":"post-19550","1":"product","2":"type-product","3":"status-publish","4":"has-post-thumbnail","6":"product_cat-pol_s","7":"product_cat-shorts-sleeve","9":"first","10":"instock","11":"shipping-taxable","12":"purchasable","13":"product-type-variable"},"_links":{"self":[{"href":"https:\/\/www.promotio.sk\/de\/wp-json\/wp\/v2\/product\/19550","targetHints":{"allow":["GET"]}}],"collection":[{"href":"https:\/\/www.promotio.sk\/de\/wp-json\/wp\/v2\/product"}],"about":[{"href":"https:\/\/www.promotio.sk\/de\/wp-json\/wp\/v2\/types\/product"}],"replies":[{"embeddable":true,"href":"https:\/\/www.promotio.sk\/de\/wp-json\/wp\/v2\/comments?post=19550"}],"wp:featuredmedia":[{"embeddable":true,"href":"https:\/\/www.promotio.sk\/de\/wp-json\/wp\/v2\/media\/19553"}],"wp:attachment":[{"href":"https:\/\/www.promotio.sk\/de\/wp-json\/wp\/v2\/media?parent=19550"}],"wp:term":[{"taxonomy":"product_cat","embeddable":true,"href":"https:\/\/www.promotio.sk\/de\/wp-json\/wp\/v2\/product_cat?post=19550"},{"taxonomy":"product_tag","embeddable":true,"href":"https:\/\/www.promotio.sk\/de\/wp-json\/wp\/v2\/product_tag?post=19550"}],"curies":[{"name":"wp","href":"https:\/\/api.w.org\/{rel}","templated":true}]}}