{"id":19339,"date":"2024-03-10T12:33:32","date_gmt":"2024-03-10T11:33:32","guid":{"rendered":"https:\/\/www.promotio.sk\/shop\/nezaraden\u00e9\/estrella-woman-l-s\/"},"modified":"2024-03-10T12:45:11","modified_gmt":"2024-03-10T11:45:11","slug":"estrella-woman-l-s","status":"publish","type":"product","link":"https:\/\/www.promotio.sk\/de\/shop\/pol_s\/long-sleeve\/estrella-woman-l-s\/","title":{"rendered":"ESTRELLA DAMEN LANGARM"},"content":{"rendered":"<p>Lang\u00e4rmliges Poloshirt mit geripptem Kragen und Manschetten, 3-Knopf-Leiste und 1x1-Elasthan-Rippmanschetten. Verst\u00e4rkte verdeckte N\u00e4hte im Kragen. Slim-Fit.<\/p>\n<p>Zusammensetzung: 100% Baumwolle. Piqu\u00e9, 220 g\/m\u00b2.<br \/>\nGrau meliert 58: 85% Baumwolle \/ 15% Viskose.<br \/>Anmerkungen: *Abnehmbares Etikett.<br \/>\n*Duo-Konzept.<br \/><img decoding=\"async\" src=\"https:\/\/static.gorfactory.es\/pics\/measures\/PO_MC_MU.jpg\"><\/p>","protected":false},"excerpt":{"rendered":"<p>Lang\u00e4rmliges Poloshirt mit geripptem Kragen und Manschetten, 3-Knopf-Leiste und 1x1-Elasthan-Rippmanschetten. Verst\u00e4rkte verdeckte N\u00e4hte im Kragen.<\/p>","protected":false},"featured_media":19340,"comment_status":"open","ping_status":"closed","template":"","meta":[],"product_cat":[438,434],"product_tag":[],"class_list":{"0":"post-19339","1":"product","2":"type-product","3":"status-publish","4":"has-post-thumbnail","6":"product_cat-long-sleeve","7":"product_cat-pol_s","9":"first","10":"instock","11":"shipping-taxable","12":"purchasable","13":"product-type-variable"},"_links":{"self":[{"href":"https:\/\/www.promotio.sk\/de\/wp-json\/wp\/v2\/product\/19339","targetHints":{"allow":["GET"]}}],"collection":[{"href":"https:\/\/www.promotio.sk\/de\/wp-json\/wp\/v2\/product"}],"about":[{"href":"https:\/\/www.promotio.sk\/de\/wp-json\/wp\/v2\/types\/product"}],"replies":[{"embeddable":true,"href":"https:\/\/www.promotio.sk\/de\/wp-json\/wp\/v2\/comments?post=19339"}],"wp:featuredmedia":[{"embeddable":true,"href":"https:\/\/www.promotio.sk\/de\/wp-json\/wp\/v2\/media\/19340"}],"wp:attachment":[{"href":"https:\/\/www.promotio.sk\/de\/wp-json\/wp\/v2\/media?parent=19339"}],"wp:term":[{"taxonomy":"product_cat","embeddable":true,"href":"https:\/\/www.promotio.sk\/de\/wp-json\/wp\/v2\/product_cat?post=19339"},{"taxonomy":"product_tag","embeddable":true,"href":"https:\/\/www.promotio.sk\/de\/wp-json\/wp\/v2\/product_tag?post=19339"}],"curies":[{"name":"wp","href":"https:\/\/api.w.org\/{rel}","templated":true}]}}