{"id":19004,"date":"2024-03-10T11:51:41","date_gmt":"2024-03-10T10:51:41","guid":{"rendered":"https:\/\/www.promotio.sk\/shop\/nezaraden\u00e9\/austral\/"},"modified":"2024-03-10T12:33:25","modified_gmt":"2024-03-10T11:33:25","slug":"austral","status":"publish","type":"product","link":"https:\/\/www.promotio.sk\/de\/shop\/pol_s\/shorts-sleeve\/austral\/","title":{"rendered":"AUSTRAL"},"content":{"rendered":"<p>Kurz\u00e4rmliges Poloshirt mit 3-Knopfleiste und 1x1 Rippkragen. Verst\u00e4rkte verdeckte N\u00e4hte im Kragen.  <br \/>Zusammensetzung: 100% Baumwolle, Piqu\u00e9, 180 g\/m\u00b2. <br \/>Anmerkungen: *Abnehmbares Etikett.<br \/><img decoding=\"async\" src=\"https:\/\/static.gorfactory.es\/pics\/measures\/PO_MC_HO.jpg\"><\/p>","protected":false},"excerpt":{"rendered":"<p>Short-sleeve polo shirt wih 3-button placket and 1&#215;1 ribbed collar. Reinforced covered seams in collar. Composition: 100% cotton, piqu\u00e9, 180<\/p>","protected":false},"featured_media":19006,"comment_status":"open","ping_status":"closed","template":"","meta":[],"product_cat":[434,435],"product_tag":[],"class_list":{"0":"post-19004","1":"product","2":"type-product","3":"status-publish","4":"has-post-thumbnail","6":"product_cat-pol_s","7":"product_cat-shorts-sleeve","9":"first","10":"instock","11":"shipping-taxable","12":"product-type-simple"},"_links":{"self":[{"href":"https:\/\/www.promotio.sk\/de\/wp-json\/wp\/v2\/product\/19004","targetHints":{"allow":["GET"]}}],"collection":[{"href":"https:\/\/www.promotio.sk\/de\/wp-json\/wp\/v2\/product"}],"about":[{"href":"https:\/\/www.promotio.sk\/de\/wp-json\/wp\/v2\/types\/product"}],"replies":[{"embeddable":true,"href":"https:\/\/www.promotio.sk\/de\/wp-json\/wp\/v2\/comments?post=19004"}],"wp:featuredmedia":[{"embeddable":true,"href":"https:\/\/www.promotio.sk\/de\/wp-json\/wp\/v2\/media\/19006"}],"wp:attachment":[{"href":"https:\/\/www.promotio.sk\/de\/wp-json\/wp\/v2\/media?parent=19004"}],"wp:term":[{"taxonomy":"product_cat","embeddable":true,"href":"https:\/\/www.promotio.sk\/de\/wp-json\/wp\/v2\/product_cat?post=19004"},{"taxonomy":"product_tag","embeddable":true,"href":"https:\/\/www.promotio.sk\/de\/wp-json\/wp\/v2\/product_tag?post=19004"}],"curies":[{"name":"wp","href":"https:\/\/api.w.org\/{rel}","templated":true}]}}