{"id":18894,"date":"2024-03-10T11:46:15","date_gmt":"2024-03-10T10:46:15","guid":{"rendered":"https:\/\/www.promotio.sk\/shop\/nezaraden\u00e9\/prince-woman\/"},"modified":"2024-03-10T11:49:58","modified_gmt":"2024-03-10T10:49:58","slug":"prince-woman","status":"publish","type":"product","link":"https:\/\/www.promotio.sk\/de\/shop\/pol_s\/shorts-sleeve\/prince-woman\/","title":{"rendered":"PRINZ FRAU"},"content":{"rendered":"<p>Tailliertes Kurzarm-Poloshirt f\u00fcr Damen aus OCS-zertifizierter Bio-Baumwolle. 1\u00d71 Rippstrick an Kragen und \u00c4rmelb\u00fcndchen. 2-Knopf-Leiste. Verst\u00e4rkte verdeckte N\u00e4hte im Kragen. Seitenschlitze am Saum.<\/p>\n<p>Zusammensetzung: 100% Bio-Baumwolle, 210 g\/m\u00b2.<br \/>\nGrau meliert Farbe 58: 85% Bio-Baumwolle und 15% Viskose<\/p>\n<p>Bemerkungen: * Abnehmbares Etikett.<br \/>\n* Duo-Konzept.<br \/>\n* OCS-Biostoff.<br \/><img decoding=\"async\" src=\"https:\/\/static.gorfactory.es\/pics\/measures\/PO_MC_MU.jpg\"><\/p>","protected":false},"excerpt":{"rendered":"<p>Fitted short-sleeve polo shirt for women in OCS certified organic cotton. 1&#215;1 ribbed collar and sleeve edging. 2-button placket. Reinforced<\/p>","protected":false},"featured_media":18895,"comment_status":"open","ping_status":"closed","template":"","meta":[],"product_cat":[434,435],"product_tag":[],"class_list":{"0":"post-18894","1":"product","2":"type-product","3":"status-publish","4":"has-post-thumbnail","6":"product_cat-pol_s","7":"product_cat-shorts-sleeve","9":"first","10":"instock","11":"shipping-taxable","12":"purchasable","13":"product-type-variable"},"_links":{"self":[{"href":"https:\/\/www.promotio.sk\/de\/wp-json\/wp\/v2\/product\/18894","targetHints":{"allow":["GET"]}}],"collection":[{"href":"https:\/\/www.promotio.sk\/de\/wp-json\/wp\/v2\/product"}],"about":[{"href":"https:\/\/www.promotio.sk\/de\/wp-json\/wp\/v2\/types\/product"}],"replies":[{"embeddable":true,"href":"https:\/\/www.promotio.sk\/de\/wp-json\/wp\/v2\/comments?post=18894"}],"wp:featuredmedia":[{"embeddable":true,"href":"https:\/\/www.promotio.sk\/de\/wp-json\/wp\/v2\/media\/18895"}],"wp:attachment":[{"href":"https:\/\/www.promotio.sk\/de\/wp-json\/wp\/v2\/media?parent=18894"}],"wp:term":[{"taxonomy":"product_cat","embeddable":true,"href":"https:\/\/www.promotio.sk\/de\/wp-json\/wp\/v2\/product_cat?post=18894"},{"taxonomy":"product_tag","embeddable":true,"href":"https:\/\/www.promotio.sk\/de\/wp-json\/wp\/v2\/product_tag?post=18894"}],"curies":[{"name":"wp","href":"https:\/\/api.w.org\/{rel}","templated":true}]}}