{"id":18785,"date":"2024-03-10T11:41:06","date_gmt":"2024-03-10T10:41:06","guid":{"rendered":"https:\/\/www.promotio.sk\/shop\/nezaraden\u00e9\/tyler\/"},"modified":"2024-03-10T11:46:12","modified_gmt":"2024-03-10T10:46:12","slug":"tyler","status":"publish","type":"product","link":"https:\/\/www.promotio.sk\/de\/shop\/pol_s\/shorts-sleeve\/tyler\/","title":{"rendered":"TYLER"},"content":{"rendered":"<p>Kurz\u00e4rmliges Poloshirt aus Single Jersey. 1x1 Rippkragen und \u00c4rmelb\u00fcndchen. 1-Knopfleiste. Verst\u00e4rkte verdeckte N\u00e4hte im Kragen. Seitenschlitze am Saum. Farblich kontrastierendes Fischgr\u00e4tenbanddetail an Manschetten und Kragen. Roly-Logo passend zum Innenstoff.<br \/>Zusammensetzung: 100% Baumwolle, 210 g\/m\u00b2.<br \/>Bemerkungen: * Abnehmbares Etikett.<br \/><img decoding=\"async\" src=\"https:\/\/static.gorfactory.es\/pics\/measures\/PO_MC_HO.jpg\"><\/p>","protected":false},"excerpt":{"rendered":"<p>Short-sleeve polo shirt in single jersey. 1&#215;1 ribbed collar and sleeves edging. 1-button placket. Reinforced covered seams in collar. Side<\/p>","protected":false},"featured_media":18786,"comment_status":"open","ping_status":"closed","template":"","meta":[],"product_cat":[434,435],"product_tag":[],"class_list":{"0":"post-18785","1":"product","2":"type-product","3":"status-publish","4":"has-post-thumbnail","6":"product_cat-pol_s","7":"product_cat-shorts-sleeve","9":"first","10":"instock","11":"shipping-taxable","12":"purchasable","13":"product-type-variable"},"_links":{"self":[{"href":"https:\/\/www.promotio.sk\/de\/wp-json\/wp\/v2\/product\/18785","targetHints":{"allow":["GET"]}}],"collection":[{"href":"https:\/\/www.promotio.sk\/de\/wp-json\/wp\/v2\/product"}],"about":[{"href":"https:\/\/www.promotio.sk\/de\/wp-json\/wp\/v2\/types\/product"}],"replies":[{"embeddable":true,"href":"https:\/\/www.promotio.sk\/de\/wp-json\/wp\/v2\/comments?post=18785"}],"wp:featuredmedia":[{"embeddable":true,"href":"https:\/\/www.promotio.sk\/de\/wp-json\/wp\/v2\/media\/18786"}],"wp:attachment":[{"href":"https:\/\/www.promotio.sk\/de\/wp-json\/wp\/v2\/media?parent=18785"}],"wp:term":[{"taxonomy":"product_cat","embeddable":true,"href":"https:\/\/www.promotio.sk\/de\/wp-json\/wp\/v2\/product_cat?post=18785"},{"taxonomy":"product_tag","embeddable":true,"href":"https:\/\/www.promotio.sk\/de\/wp-json\/wp\/v2\/product_tag?post=18785"}],"curies":[{"name":"wp","href":"https:\/\/api.w.org\/{rel}","templated":true}]}}