{"id":18549,"date":"2024-03-10T11:28:20","date_gmt":"2024-03-10T10:28:20","guid":{"rendered":"https:\/\/www.promotio.sk\/shop\/nezaraden\u00e9\/pegaso-premium\/"},"modified":"2024-03-10T11:38:43","modified_gmt":"2024-03-10T10:38:43","slug":"pegaso-premium","status":"publish","type":"product","link":"https:\/\/www.promotio.sk\/de\/shop\/pol_s\/shorts-sleeve\/pegaso-premium\/","title":{"rendered":"PEGASO PREMIUM"},"content":{"rendered":"<p>Kurz\u00e4rmliges Poloshirt. Kragen und \u00c4rmelb\u00fcndchen aus 1\u00d71 Rippstoff mit Detail. 3-Knopfleiste. Verst\u00e4rkte verdeckte N\u00e4hte im Kragen. Seitenschlitze und optionale Tasche.<br \/>\n<br \/>Zusammensetzung: 60% Baumwolle \/ 40% Polyester, Piqu\u00e9-Strick.<br \/>\nFarbe: 190 g\/m\u00b2. Wei\u00df: 220 g\/m\u00b2.<br \/>Anmerkungen: *Abnehmbares Etikett.<br \/>\n*Kindergr\u00f6\u00dfen verf\u00fcgbar.<br \/>\n*Duo-Konzept.<br \/>\n*ANTI-PILLING-Behandlung.<br \/><img decoding=\"async\" src=\"https:\/\/static.gorfactory.es\/pics\/measures\/PO_MC_HO.jpg\"><\/p>","protected":false},"excerpt":{"rendered":"<p>Short-sleeve polo shirt. Collar and sleeves edging in 1&#215;1 ribbed fabric with detail. 3-button placket. Reinforced covered seams in collar.<\/p>","protected":false},"featured_media":18550,"comment_status":"open","ping_status":"closed","template":"","meta":[],"product_cat":[434,435],"product_tag":[],"class_list":{"0":"post-18549","1":"product","2":"type-product","3":"status-publish","4":"has-post-thumbnail","6":"product_cat-pol_s","7":"product_cat-shorts-sleeve","9":"first","10":"instock","11":"shipping-taxable","12":"purchasable","13":"product-type-variable"},"_links":{"self":[{"href":"https:\/\/www.promotio.sk\/de\/wp-json\/wp\/v2\/product\/18549","targetHints":{"allow":["GET"]}}],"collection":[{"href":"https:\/\/www.promotio.sk\/de\/wp-json\/wp\/v2\/product"}],"about":[{"href":"https:\/\/www.promotio.sk\/de\/wp-json\/wp\/v2\/types\/product"}],"replies":[{"embeddable":true,"href":"https:\/\/www.promotio.sk\/de\/wp-json\/wp\/v2\/comments?post=18549"}],"wp:featuredmedia":[{"embeddable":true,"href":"https:\/\/www.promotio.sk\/de\/wp-json\/wp\/v2\/media\/18550"}],"wp:attachment":[{"href":"https:\/\/www.promotio.sk\/de\/wp-json\/wp\/v2\/media?parent=18549"}],"wp:term":[{"taxonomy":"product_cat","embeddable":true,"href":"https:\/\/www.promotio.sk\/de\/wp-json\/wp\/v2\/product_cat?post=18549"},{"taxonomy":"product_tag","embeddable":true,"href":"https:\/\/www.promotio.sk\/de\/wp-json\/wp\/v2\/product_tag?post=18549"}],"curies":[{"name":"wp","href":"https:\/\/api.w.org\/{rel}","templated":true}]}}