{"id":18547,"date":"2024-03-10T11:28:16","date_gmt":"2024-03-10T10:28:16","guid":{"rendered":"https:\/\/www.promotio.sk\/shop\/nezaraden\u00e9\/centauro-premium\/"},"modified":"2024-03-10T11:41:03","modified_gmt":"2024-03-10T10:41:03","slug":"centauro-premium","status":"publish","type":"product","link":"https:\/\/www.promotio.sk\/de\/shop\/pol_s\/shorts-sleeve\/centauro-premium\/","title":{"rendered":"CENTAURO PREMIUM"},"content":{"rendered":"<p>Kurz\u00e4rmliges Poloshirt mit Tasche auf der linken Brust. Kragen und Manschetten aus 1x1 Rippstoff mit Detail. Knopfleiste mit 3 Kn\u00f6pfen. Verst\u00e4rkte verdeckte N\u00e4hte im Kragen.<br \/>\n<br \/>Zusammensetzung: 60% Baumwolle \/ 40% Polyester, Piqu\u00e9-Strick.<br \/>\nFarbe: 190 g\/m\u00b2.<br \/>\nWei\u00df: 220 g\/m\u00b2.<br \/>\nFarbe Heather Grey (58): 85% Baumwolle \/ 15% Viskose.<br \/>Anmerkungen: *Abnehmbares Etikett.<br \/>\n*ANTI-PILLING-Behandlung.<br \/><img decoding=\"async\" src=\"https:\/\/static.gorfactory.es\/pics\/measures\/PO_MC_HO.jpg\"><\/p>","protected":false},"excerpt":{"rendered":"<p>Short-sleeve polo shirt with pocket on left chest. Collar and cuffs in 1&#215;1 ribbed fabric with detail. 3-button placket. Reinforced<\/p>","protected":false},"featured_media":18548,"comment_status":"open","ping_status":"closed","template":"","meta":[],"product_cat":[434,435],"product_tag":[],"class_list":{"0":"post-18547","1":"product","2":"type-product","3":"status-publish","4":"has-post-thumbnail","6":"product_cat-pol_s","7":"product_cat-shorts-sleeve","9":"first","10":"instock","11":"shipping-taxable","12":"purchasable","13":"product-type-variable"},"_links":{"self":[{"href":"https:\/\/www.promotio.sk\/de\/wp-json\/wp\/v2\/product\/18547","targetHints":{"allow":["GET"]}}],"collection":[{"href":"https:\/\/www.promotio.sk\/de\/wp-json\/wp\/v2\/product"}],"about":[{"href":"https:\/\/www.promotio.sk\/de\/wp-json\/wp\/v2\/types\/product"}],"replies":[{"embeddable":true,"href":"https:\/\/www.promotio.sk\/de\/wp-json\/wp\/v2\/comments?post=18547"}],"wp:featuredmedia":[{"embeddable":true,"href":"https:\/\/www.promotio.sk\/de\/wp-json\/wp\/v2\/media\/18548"}],"wp:attachment":[{"href":"https:\/\/www.promotio.sk\/de\/wp-json\/wp\/v2\/media?parent=18547"}],"wp:term":[{"taxonomy":"product_cat","embeddable":true,"href":"https:\/\/www.promotio.sk\/de\/wp-json\/wp\/v2\/product_cat?post=18547"},{"taxonomy":"product_tag","embeddable":true,"href":"https:\/\/www.promotio.sk\/de\/wp-json\/wp\/v2\/product_tag?post=18547"}],"curies":[{"name":"wp","href":"https:\/\/api.w.org\/{rel}","templated":true}]}}