{"id":18169,"date":"2024-03-10T09:57:14","date_gmt":"2024-03-10T08:57:14","guid":{"rendered":"https:\/\/www.promotio.sk\/shop\/nezaraden\u00e9\/nikol\/"},"modified":"2024-03-10T11:09:18","modified_gmt":"2024-03-10T10:09:18","slug":"nikol","status":"publish","type":"product","link":"https:\/\/www.promotio.sk\/de\/shop\/promo-items\/bags_travel\/umbrellas\/nikol\/","title":{"rendered":"NIKOL"},"content":{"rendered":"<p>Ein Regenschirm aus RPET (recyceltem Polyester) mit 190T-Pongee-Gewebe und reflektierenden B\u00e4ndern ist eine langlebige und nachhaltige Option, um Sie vor Regen zu sch\u00fctzen. Das 190T-Pongee-Gewebe ist langlebig und wasserabweisend und bietet guten Schutz vor Regen. Reflektierende B\u00e4nder sorgen f\u00fcr zus\u00e4tzliche Sicherheit, da sie Licht reflektieren und die Sichtbarkeit bei schlechten Lichtverh\u00e4ltnissen erh\u00f6hen.<br \/>\nFiberglasstangen mit Anti-Wind-System bieten mehr Widerstand und Flexibilit\u00e4t bei Windb\u00f6en und verhindern so, dass der Schirm leicht besch\u00e4digt wird. Dar\u00fcber hinaus verf\u00fcgt der Schirm \u00fcber einen automatischen \u00d6ffnungsknopf f\u00fcr eine einfache Handhabung und einen Klettverschluss f\u00fcr eine sichere Aufbewahrung.<br \/>\nEnth\u00e4lt eine passende H\u00fclle, um den Schirm bei Nichtgebrauch gesch\u00fctzt und ordentlich aufzubewahren. Da dieser Schirm aus RPET besteht, tr\u00e4gt er zur Abfallreduzierung bei, da bei seiner Herstellung recycelte Materialien verwendet werden.<br \/>Zusammensetzung: RPET.<\/p>","protected":false},"excerpt":{"rendered":"<p>An umbrella made of RPET (recycled polyester) with 190T pongee fabric and finished in reflective bands is a durable and<\/p>","protected":false},"featured_media":18170,"comment_status":"open","ping_status":"closed","template":"","meta":[],"product_cat":[298,407],"product_tag":[],"class_list":{"0":"post-18169","1":"product","2":"type-product","3":"status-publish","4":"has-post-thumbnail","6":"product_cat-bags_travel","7":"product_cat-umbrellas","9":"first","10":"instock","11":"shipping-taxable","12":"purchasable","13":"product-type-variable"},"_links":{"self":[{"href":"https:\/\/www.promotio.sk\/de\/wp-json\/wp\/v2\/product\/18169","targetHints":{"allow":["GET"]}}],"collection":[{"href":"https:\/\/www.promotio.sk\/de\/wp-json\/wp\/v2\/product"}],"about":[{"href":"https:\/\/www.promotio.sk\/de\/wp-json\/wp\/v2\/types\/product"}],"replies":[{"embeddable":true,"href":"https:\/\/www.promotio.sk\/de\/wp-json\/wp\/v2\/comments?post=18169"}],"wp:featuredmedia":[{"embeddable":true,"href":"https:\/\/www.promotio.sk\/de\/wp-json\/wp\/v2\/media\/18170"}],"wp:attachment":[{"href":"https:\/\/www.promotio.sk\/de\/wp-json\/wp\/v2\/media?parent=18169"}],"wp:term":[{"taxonomy":"product_cat","embeddable":true,"href":"https:\/\/www.promotio.sk\/de\/wp-json\/wp\/v2\/product_cat?post=18169"},{"taxonomy":"product_tag","embeddable":true,"href":"https:\/\/www.promotio.sk\/de\/wp-json\/wp\/v2\/product_tag?post=18169"}],"curies":[{"name":"wp","href":"https:\/\/api.w.org\/{rel}","templated":true}]}}