{"id":18142,"date":"2024-03-10T09:55:48","date_gmt":"2024-03-10T08:55:48","guid":{"rendered":"https:\/\/www.promotio.sk\/shop\/nezaraden\u00e9\/eden\/"},"modified":"2024-03-10T09:56:32","modified_gmt":"2024-03-10T08:56:32","slug":"eden","status":"publish","type":"product","link":"https:\/\/www.promotio.sk\/de\/shop\/promo-items\/summer\/sunglasses\/eden\/","title":{"rendered":"EDEN"},"content":{"rendered":"<p>Ansprechende Sonnenbrille mit Rahmen in Hochglanzoptik und B\u00fcgeln aus nat\u00fcrlichem Bambus. Gl\u00e4ser mit UV400-Schutz.<br \/>Zusammensetzung: PC und Bambus.<br \/>Bemerkungen: 8104 UV400 CAT.3 EN ISO 12312-1 CE-Aufdruck auf der Innenseite des rechten B\u00fcgels.<\/p>","protected":false},"excerpt":{"rendered":"<p>Appealing sunglasses with gloss finish frame and natural bamboo temples. UV400 protection lenses.Composition: PC and bamboo.Remarks: 8104 UV400 CAT.3 EN<\/p>","protected":false},"featured_media":18143,"comment_status":"open","ping_status":"closed","template":"","meta":[],"product_cat":[410],"product_tag":[],"class_list":{"0":"post-18142","1":"product","2":"type-product","3":"status-publish","4":"has-post-thumbnail","6":"product_cat-sunglasses","8":"first","9":"instock","10":"shipping-taxable","11":"purchasable","12":"product-type-variable"},"_links":{"self":[{"href":"https:\/\/www.promotio.sk\/de\/wp-json\/wp\/v2\/product\/18142","targetHints":{"allow":["GET"]}}],"collection":[{"href":"https:\/\/www.promotio.sk\/de\/wp-json\/wp\/v2\/product"}],"about":[{"href":"https:\/\/www.promotio.sk\/de\/wp-json\/wp\/v2\/types\/product"}],"replies":[{"embeddable":true,"href":"https:\/\/www.promotio.sk\/de\/wp-json\/wp\/v2\/comments?post=18142"}],"wp:featuredmedia":[{"embeddable":true,"href":"https:\/\/www.promotio.sk\/de\/wp-json\/wp\/v2\/media\/18143"}],"wp:attachment":[{"href":"https:\/\/www.promotio.sk\/de\/wp-json\/wp\/v2\/media?parent=18142"}],"wp:term":[{"taxonomy":"product_cat","embeddable":true,"href":"https:\/\/www.promotio.sk\/de\/wp-json\/wp\/v2\/product_cat?post=18142"},{"taxonomy":"product_tag","embeddable":true,"href":"https:\/\/www.promotio.sk\/de\/wp-json\/wp\/v2\/product_tag?post=18142"}],"curies":[{"name":"wp","href":"https:\/\/api.w.org\/{rel}","templated":true}]}}