{"id":18002,"date":"2024-03-10T09:48:02","date_gmt":"2024-03-10T08:48:02","guid":{"rendered":"https:\/\/www.promotio.sk\/shop\/nezaraden\u00e9\/baikal\/"},"modified":"2024-03-10T11:02:55","modified_gmt":"2024-03-10T10:02:55","slug":"baikal","status":"publish","type":"product","link":"https:\/\/www.promotio.sk\/de\/shop\/promo-clothing\/coats-jackets\/raincoats\/baikal\/","title":{"rendered":"BAIKAL"},"content":{"rendered":"<p>Wasserdichter Regenmantel mit hei\u00dfversiegelten Kanten, Frontverschluss mit 4 Druckkn\u00f6pfen, seitlichen Pattentaschen, B\u00fcndchen mit Verstellknopf, 3 Bel\u00fcftungsl\u00f6chern auf der R\u00fcckseite und einer verstellbaren Kapuze mit Kordelzug. <br \/>Zusammensetzung: Regenmantel: 100% EVA.<br \/>\nBeutel: 100% Polyester.<br \/>Bemerkungen: Einheitsgr\u00f6\u00dfe f\u00fcr Erwachsene.<br \/>\nBeutel enthalten.<br \/><img decoding=\"async\" src=\"https:\/\/static.gorfactory.es\/pics\/measures\/CB_HO.jpg\"><\/p>","protected":false},"excerpt":{"rendered":"<p>Waterproof raincoat with heat-sealed edges, front fastening with 4 snap buttons, side flap pockets, cuffs with adjusting button, 3 back<\/p>","protected":false},"featured_media":18003,"comment_status":"open","ping_status":"closed","template":"","meta":[],"product_cat":[432,427],"product_tag":[],"class_list":{"0":"post-18002","1":"product","2":"type-product","3":"status-publish","4":"has-post-thumbnail","6":"product_cat-coats-jackets","7":"product_cat-raincoats","9":"first","10":"instock","11":"shipping-taxable","12":"purchasable","13":"product-type-variable"},"_links":{"self":[{"href":"https:\/\/www.promotio.sk\/de\/wp-json\/wp\/v2\/product\/18002","targetHints":{"allow":["GET"]}}],"collection":[{"href":"https:\/\/www.promotio.sk\/de\/wp-json\/wp\/v2\/product"}],"about":[{"href":"https:\/\/www.promotio.sk\/de\/wp-json\/wp\/v2\/types\/product"}],"replies":[{"embeddable":true,"href":"https:\/\/www.promotio.sk\/de\/wp-json\/wp\/v2\/comments?post=18002"}],"wp:featuredmedia":[{"embeddable":true,"href":"https:\/\/www.promotio.sk\/de\/wp-json\/wp\/v2\/media\/18003"}],"wp:attachment":[{"href":"https:\/\/www.promotio.sk\/de\/wp-json\/wp\/v2\/media?parent=18002"}],"wp:term":[{"taxonomy":"product_cat","embeddable":true,"href":"https:\/\/www.promotio.sk\/de\/wp-json\/wp\/v2\/product_cat?post=18002"},{"taxonomy":"product_tag","embeddable":true,"href":"https:\/\/www.promotio.sk\/de\/wp-json\/wp\/v2\/product_tag?post=18002"}],"curies":[{"name":"wp","href":"https:\/\/api.w.org\/{rel}","templated":true}]}}