{"id":17978,"date":"2024-03-10T09:46:18","date_gmt":"2024-03-10T08:46:18","guid":{"rendered":"https:\/\/www.promotio.sk\/shop\/nezaraden\u00e9\/damper\/"},"modified":"2024-03-10T11:03:34","modified_gmt":"2024-03-10T10:03:34","slug":"damper","status":"publish","type":"product","link":"https:\/\/www.promotio.sk\/de\/shop\/promo-clothing\/coats-jackets\/raincoats\/damper\/","title":{"rendered":"D\u00c4MPFER"},"content":{"rendered":"<p>Faltbarer, wasserdichter Poncho mit Kapuze und Arm\u00f6ffnungen. Hei\u00dfversiegelte Kanten und seitlicher Verschluss mit Klettkn\u00f6pfen. Gro\u00dfe Farbauswahl. PVC. <br \/>Zusammensetzung: PVC<br \/>Bemerkungen: Einheitsgr\u00f6\u00dfe (127 x 100 cm).<br \/>\nBeutel enthalten.<br \/><img decoding=\"async\" src=\"https:\/\/static.gorfactory.es\/pics\/measures\/CB_HO.jpg\"><\/p>","protected":false},"excerpt":{"rendered":"<p>Foldable waterproof poncho with hood and arm openings. Heat-sealed edges and side fastening by clasp buttons. Wide range of colours.<\/p>","protected":false},"featured_media":17979,"comment_status":"open","ping_status":"closed","template":"","meta":[],"product_cat":[432,427],"product_tag":[],"class_list":{"0":"post-17978","1":"product","2":"type-product","3":"status-publish","4":"has-post-thumbnail","6":"product_cat-coats-jackets","7":"product_cat-raincoats","9":"first","10":"outofstock","11":"shipping-taxable","12":"product-type-variable"},"_links":{"self":[{"href":"https:\/\/www.promotio.sk\/de\/wp-json\/wp\/v2\/product\/17978","targetHints":{"allow":["GET"]}}],"collection":[{"href":"https:\/\/www.promotio.sk\/de\/wp-json\/wp\/v2\/product"}],"about":[{"href":"https:\/\/www.promotio.sk\/de\/wp-json\/wp\/v2\/types\/product"}],"replies":[{"embeddable":true,"href":"https:\/\/www.promotio.sk\/de\/wp-json\/wp\/v2\/comments?post=17978"}],"wp:featuredmedia":[{"embeddable":true,"href":"https:\/\/www.promotio.sk\/de\/wp-json\/wp\/v2\/media\/17979"}],"wp:attachment":[{"href":"https:\/\/www.promotio.sk\/de\/wp-json\/wp\/v2\/media?parent=17978"}],"wp:term":[{"taxonomy":"product_cat","embeddable":true,"href":"https:\/\/www.promotio.sk\/de\/wp-json\/wp\/v2\/product_cat?post=17978"},{"taxonomy":"product_tag","embeddable":true,"href":"https:\/\/www.promotio.sk\/de\/wp-json\/wp\/v2\/product_tag?post=17978"}],"curies":[{"name":"wp","href":"https:\/\/api.w.org\/{rel}","templated":true}]}}