{"id":17820,"date":"2024-03-08T21:47:28","date_gmt":"2024-03-08T20:47:28","guid":{"rendered":"https:\/\/www.promotio.sk\/shop\/nezaraden\u00e9\/blunt\/"},"modified":"2024-03-08T21:48:20","modified_gmt":"2024-03-08T20:48:20","slug":"blunt","status":"publish","type":"product","link":"https:\/\/www.promotio.sk\/de\/shop\/promo-items\/selfcare\/pocket_mirrors\/blunt\/","title":{"rendered":"UNVERBL\u00dcMT"},"content":{"rendered":"<p>Praktische Klappb\u00fcrste mit rundem Taschenspiegel. Im ge\u00f6ffneten Zustand ein Teil Spiegel und ein Teil B\u00fcrste, im geschlossenen Zustand ein kompakter und leichter Artikel.<br \/>Zusammensetzung: Kunststoff und Spiegelglas. <\/p>","protected":false},"excerpt":{"rendered":"<p>Practical folding brush with round pocket mirror. One part mirror and one part brush when opened, which becomes a compact<\/p>","protected":false},"featured_media":17821,"comment_status":"open","ping_status":"closed","template":"","meta":[],"product_cat":[400,405],"product_tag":[],"class_list":{"0":"post-17820","1":"product","2":"type-product","3":"status-publish","4":"has-post-thumbnail","6":"product_cat-selfcare","7":"product_cat-pocket_mirrors","9":"first","10":"instock","11":"shipping-taxable","12":"purchasable","13":"product-type-variable"},"_links":{"self":[{"href":"https:\/\/www.promotio.sk\/de\/wp-json\/wp\/v2\/product\/17820","targetHints":{"allow":["GET"]}}],"collection":[{"href":"https:\/\/www.promotio.sk\/de\/wp-json\/wp\/v2\/product"}],"about":[{"href":"https:\/\/www.promotio.sk\/de\/wp-json\/wp\/v2\/types\/product"}],"replies":[{"embeddable":true,"href":"https:\/\/www.promotio.sk\/de\/wp-json\/wp\/v2\/comments?post=17820"}],"wp:featuredmedia":[{"embeddable":true,"href":"https:\/\/www.promotio.sk\/de\/wp-json\/wp\/v2\/media\/17821"}],"wp:attachment":[{"href":"https:\/\/www.promotio.sk\/de\/wp-json\/wp\/v2\/media?parent=17820"}],"wp:term":[{"taxonomy":"product_cat","embeddable":true,"href":"https:\/\/www.promotio.sk\/de\/wp-json\/wp\/v2\/product_cat?post=17820"},{"taxonomy":"product_tag","embeddable":true,"href":"https:\/\/www.promotio.sk\/de\/wp-json\/wp\/v2\/product_tag?post=17820"}],"curies":[{"name":"wp","href":"https:\/\/api.w.org\/{rel}","templated":true}]}}