{"id":17788,"date":"2024-03-08T21:45:49","date_gmt":"2024-03-08T20:45:49","guid":{"rendered":"https:\/\/www.promotio.sk\/shop\/nezaraden\u00e9\/babel\/"},"modified":"2024-03-08T21:47:13","modified_gmt":"2024-03-08T20:47:13","slug":"babel","status":"publish","type":"product","link":"https:\/\/www.promotio.sk\/de\/shop\/promo-items\/selfcare\/lip_balms-toothbrushs\/babel\/","title":{"rendered":"BABEL"},"content":{"rendered":"<p>Lippenbalsam mit klassischem Etui in metallischer Riegelform. Stilvolle und praktische Option f\u00fcr die Lippenpflege. Das Metalletui verleiht ihm ein anspruchsvolles und langlebiges Aussehen und sch\u00fctzt den Balsam vor St\u00f6\u00dfen und Besch\u00e4digungen.<br \/>\nDer Lippenbalsam in Riegelform l\u00e4sst sich glatt und gleichm\u00e4\u00dfig auftragen, spendet Feuchtigkeit und sch\u00fctzt die Lippen vor Trockenheit und Umwelteinfl\u00fcssen. Dar\u00fcber hinaus bietet dieser Lippenbalsam Sonnenschutzfaktor 15 und hilft, Sch\u00e4den durch UV-Strahlen vorzubeugen.<br \/>\nDie klassische H\u00fclle im Metallic-Finish verleiht ihm einen Hauch von Eleganz und erm\u00f6glicht es Ihnen, den Lippenbalsam bequem in Ihrer Tasche, Hosentasche oder Ihrem Kulturbeutel mitzuf\u00fchren, sodass er immer griffbereit ist, wenn Sie ihn brauchen.<\/p>","protected":false},"excerpt":{"rendered":"<p>Lip balm with classic case in metallic bar-shaped finish. Stylish and practical option for lip care. The metal case gives<\/p>","protected":false},"featured_media":17789,"comment_status":"open","ping_status":"closed","template":"","meta":[],"product_cat":[401,400],"product_tag":[],"class_list":{"0":"post-17788","1":"product","2":"type-product","3":"status-publish","4":"has-post-thumbnail","6":"product_cat-lip_balms-toothbrushs","7":"product_cat-selfcare","9":"first","10":"instock","11":"shipping-taxable","12":"purchasable","13":"product-type-variable"},"_links":{"self":[{"href":"https:\/\/www.promotio.sk\/de\/wp-json\/wp\/v2\/product\/17788","targetHints":{"allow":["GET"]}}],"collection":[{"href":"https:\/\/www.promotio.sk\/de\/wp-json\/wp\/v2\/product"}],"about":[{"href":"https:\/\/www.promotio.sk\/de\/wp-json\/wp\/v2\/types\/product"}],"replies":[{"embeddable":true,"href":"https:\/\/www.promotio.sk\/de\/wp-json\/wp\/v2\/comments?post=17788"}],"wp:featuredmedia":[{"embeddable":true,"href":"https:\/\/www.promotio.sk\/de\/wp-json\/wp\/v2\/media\/17789"}],"wp:attachment":[{"href":"https:\/\/www.promotio.sk\/de\/wp-json\/wp\/v2\/media?parent=17788"}],"wp:term":[{"taxonomy":"product_cat","embeddable":true,"href":"https:\/\/www.promotio.sk\/de\/wp-json\/wp\/v2\/product_cat?post=17788"},{"taxonomy":"product_tag","embeddable":true,"href":"https:\/\/www.promotio.sk\/de\/wp-json\/wp\/v2\/product_tag?post=17788"}],"curies":[{"name":"wp","href":"https:\/\/api.w.org\/{rel}","templated":true}]}}