{"id":17640,"date":"2024-03-08T21:37:15","date_gmt":"2024-03-08T20:37:15","guid":{"rendered":"https:\/\/www.promotio.sk\/shop\/nezaraden\u00e9\/finlay\/"},"modified":"2024-03-10T09:33:09","modified_gmt":"2024-03-10T08:33:09","slug":"finlay","status":"publish","type":"product","link":"https:\/\/www.promotio.sk\/de\/shop\/promo-items\/selfcare\/sanitary_protection\/finlay\/","title":{"rendered":"FINLAY"},"content":{"rendered":"<p>5-lagige Sicherheits-Gesichtsmaske FFP2 NR. Hei\u00dfversiegelte R\u00e4nder, elastische B\u00e4nder, verstellbarer Nasenclip, inneres Nasenpolster und B\u00e4nderversteller. <br \/>Bemerkungen: EN149:2001 + A1:2009.<br \/>\nLatexfrei.<br \/>\nGraphenfrei.<\/p>","protected":false},"excerpt":{"rendered":"<p>5-layer security FFP2 NR face mask. Heat-sealed edges, elastic straps, adjustable nose clip, inner nose padding and straps adjuster. Remarks:<\/p>","protected":false},"featured_media":17641,"comment_status":"open","ping_status":"closed","template":"","meta":[],"product_cat":[400,416],"product_tag":[],"class_list":{"0":"post-17640","1":"product","2":"type-product","3":"status-publish","4":"has-post-thumbnail","6":"product_cat-selfcare","7":"product_cat-sanitary_protection","9":"first","10":"instock","11":"shipping-taxable","12":"purchasable","13":"product-type-variable"},"_links":{"self":[{"href":"https:\/\/www.promotio.sk\/de\/wp-json\/wp\/v2\/product\/17640","targetHints":{"allow":["GET"]}}],"collection":[{"href":"https:\/\/www.promotio.sk\/de\/wp-json\/wp\/v2\/product"}],"about":[{"href":"https:\/\/www.promotio.sk\/de\/wp-json\/wp\/v2\/types\/product"}],"replies":[{"embeddable":true,"href":"https:\/\/www.promotio.sk\/de\/wp-json\/wp\/v2\/comments?post=17640"}],"wp:featuredmedia":[{"embeddable":true,"href":"https:\/\/www.promotio.sk\/de\/wp-json\/wp\/v2\/media\/17641"}],"wp:attachment":[{"href":"https:\/\/www.promotio.sk\/de\/wp-json\/wp\/v2\/media?parent=17640"}],"wp:term":[{"taxonomy":"product_cat","embeddable":true,"href":"https:\/\/www.promotio.sk\/de\/wp-json\/wp\/v2\/product_cat?post=17640"},{"taxonomy":"product_tag","embeddable":true,"href":"https:\/\/www.promotio.sk\/de\/wp-json\/wp\/v2\/product_tag?post=17640"}],"curies":[{"name":"wp","href":"https:\/\/api.w.org\/{rel}","templated":true}]}}