{"id":17638,"date":"2024-03-08T21:37:11","date_gmt":"2024-03-08T20:37:11","guid":{"rendered":"https:\/\/www.promotio.sk\/shop\/nezaraden\u00e9\/harvey\/"},"modified":"2024-03-10T09:33:29","modified_gmt":"2024-03-10T08:33:29","slug":"harvey","status":"publish","type":"product","link":"https:\/\/www.promotio.sk\/de\/shop\/promo-items\/selfcare\/sanitary_protection\/harvey\/","title":{"rendered":"HARVEY"},"content":{"rendered":"<p>Atmungsaktive und feuchtigkeitsabweisende Hygiene-Mund-Nasen-Maske. Antibakteriell mit unsichtbarer Mittelnaht f\u00fcr mehr Tragekomfort.<br \/>\n100% ab 25 St\u00fcck f\u00fcr individuelles Design im Sublimationsdruck erh\u00e4ltlich.<\/p>\n<p>Zusammensetzung: \u2013 Au\u00dfenschicht: 100% PES-Mikrofaser.<br \/>\n\u2013 Innere Schicht: Vliesstoff.<br \/>Bemerkungen: \u2013 Wiederverwendbar.<br \/>\n\u2013 100%, ma\u00dfgeschneidert.<br \/>\n\u2013 UNE 0065:2020.<br \/>\n\u2013 Filtereffizienz vergleichbar mit FFP2.<br \/>\n-Graphenfrei.<\/p>","protected":false},"excerpt":{"rendered":"<p>Breathable and damp-proof hygienic face mask. Antibacterial with invisible central seam line for greater comfort. 100% available for custom-design in<\/p>","protected":false},"featured_media":17639,"comment_status":"open","ping_status":"closed","template":"","meta":[],"product_cat":[400,416],"product_tag":[],"class_list":{"0":"post-17638","1":"product","2":"type-product","3":"status-publish","4":"has-post-thumbnail","6":"product_cat-selfcare","7":"product_cat-sanitary_protection","9":"first","10":"instock","11":"shipping-taxable","12":"purchasable","13":"product-type-variable"},"_links":{"self":[{"href":"https:\/\/www.promotio.sk\/de\/wp-json\/wp\/v2\/product\/17638","targetHints":{"allow":["GET"]}}],"collection":[{"href":"https:\/\/www.promotio.sk\/de\/wp-json\/wp\/v2\/product"}],"about":[{"href":"https:\/\/www.promotio.sk\/de\/wp-json\/wp\/v2\/types\/product"}],"replies":[{"embeddable":true,"href":"https:\/\/www.promotio.sk\/de\/wp-json\/wp\/v2\/comments?post=17638"}],"wp:featuredmedia":[{"embeddable":true,"href":"https:\/\/www.promotio.sk\/de\/wp-json\/wp\/v2\/media\/17639"}],"wp:attachment":[{"href":"https:\/\/www.promotio.sk\/de\/wp-json\/wp\/v2\/media?parent=17638"}],"wp:term":[{"taxonomy":"product_cat","embeddable":true,"href":"https:\/\/www.promotio.sk\/de\/wp-json\/wp\/v2\/product_cat?post=17638"},{"taxonomy":"product_tag","embeddable":true,"href":"https:\/\/www.promotio.sk\/de\/wp-json\/wp\/v2\/product_tag?post=17638"}],"curies":[{"name":"wp","href":"https:\/\/api.w.org\/{rel}","templated":true}]}}