{"id":17615,"date":"2024-03-08T21:35:39","date_gmt":"2024-03-08T20:35:39","guid":{"rendered":"https:\/\/www.promotio.sk\/shop\/nezaraden\u00e9\/mondo\/"},"modified":"2024-03-08T21:36:22","modified_gmt":"2024-03-08T20:36:22","slug":"mondo","status":"publish","type":"product","link":"https:\/\/www.promotio.sk\/de\/shop\/promo-items\/selfcare\/pocket_mirrors\/mondo\/","title":{"rendered":"MONDO"},"content":{"rendered":"<p>Taschenspiegel mit Bambusr\u00fcckseite. Pr\u00e4sentation in \u00d6kodesign-Box.<br \/>Zusammensetzung: Bambus<br \/>Anmerkungen: Pr\u00e4sentation in caja dise\u00f1o eco.<\/p>","protected":false},"excerpt":{"rendered":"<p>Pocket mirror with bamboo back. Presentation in eco design box.Composition: Bamb\u00faRemarks: Presentaci\u00f3n en caja dise\u00f1o eco.<\/p>","protected":false},"featured_media":17616,"comment_status":"open","ping_status":"closed","template":"","meta":[],"product_cat":[400,405],"product_tag":[],"class_list":{"0":"post-17615","1":"product","2":"type-product","3":"status-publish","4":"has-post-thumbnail","6":"product_cat-selfcare","7":"product_cat-pocket_mirrors","9":"first","10":"instock","11":"shipping-taxable","12":"purchasable","13":"product-type-variable"},"_links":{"self":[{"href":"https:\/\/www.promotio.sk\/de\/wp-json\/wp\/v2\/product\/17615","targetHints":{"allow":["GET"]}}],"collection":[{"href":"https:\/\/www.promotio.sk\/de\/wp-json\/wp\/v2\/product"}],"about":[{"href":"https:\/\/www.promotio.sk\/de\/wp-json\/wp\/v2\/types\/product"}],"replies":[{"embeddable":true,"href":"https:\/\/www.promotio.sk\/de\/wp-json\/wp\/v2\/comments?post=17615"}],"wp:featuredmedia":[{"embeddable":true,"href":"https:\/\/www.promotio.sk\/de\/wp-json\/wp\/v2\/media\/17616"}],"wp:attachment":[{"href":"https:\/\/www.promotio.sk\/de\/wp-json\/wp\/v2\/media?parent=17615"}],"wp:term":[{"taxonomy":"product_cat","embeddable":true,"href":"https:\/\/www.promotio.sk\/de\/wp-json\/wp\/v2\/product_cat?post=17615"},{"taxonomy":"product_tag","embeddable":true,"href":"https:\/\/www.promotio.sk\/de\/wp-json\/wp\/v2\/product_tag?post=17615"}],"curies":[{"name":"wp","href":"https:\/\/api.w.org\/{rel}","templated":true}]}}