{"id":17601,"date":"2024-03-08T21:34:56","date_gmt":"2024-03-08T20:34:56","guid":{"rendered":"https:\/\/www.promotio.sk\/shop\/nezaraden\u00e9\/santis\/"},"modified":"2024-03-08T21:35:30","modified_gmt":"2024-03-08T20:35:30","slug":"santis","status":"publish","type":"product","link":"https:\/\/www.promotio.sk\/de\/shop\/promo-items\/selfcare\/pocket_mirrors\/santis\/","title":{"rendered":"SANTIS"},"content":{"rendered":"<p>Der Taschenklappspiegel aus Naturkork mit Chrommetall-Oberfl\u00e4chen ist eine elegante und nachhaltige Option, die Sie immer bei sich tragen k\u00f6nnen. Dieser Spiegel hat ein quadratisches und kompaktes Design und passt perfekt in Taschen, Hosentaschen oder Kulturbeutel.<br \/>\nDer Spiegel besteht aus zwei Teilen: einem normalen Spiegel und einem Vergr\u00f6\u00dferungsspiegel, der Ihnen verschiedene M\u00f6glichkeiten beim Schminken oder Zurechtmachen bietet. Der Vergr\u00f6\u00dferungsspiegel bietet Ihnen ein vergr\u00f6\u00dfertes Bild f\u00fcr pr\u00e4zisere Details.<br \/>\nDer zur Herstellung des Spiegels verwendete Naturkork ist ein nachhaltiges und umweltfreundliches Material. Dar\u00fcber hinaus verleiht ihm die verchromte Metalloberfl\u00e4che einen Hauch von Eleganz und Haltbarkeit.<br \/>Zusammensetzung: Kork<br \/>Bemerkungen: Pr\u00e4sentation in \u00d6kodesign-Box.<\/p>","protected":false},"excerpt":{"rendered":"<p>The pocket folding mirror made of natural cork with chrome metal finishes is an elegant and sustainable option to always<\/p>","protected":false},"featured_media":17602,"comment_status":"open","ping_status":"closed","template":"","meta":[],"product_cat":[400,405],"product_tag":[],"class_list":{"0":"post-17601","1":"product","2":"type-product","3":"status-publish","4":"has-post-thumbnail","6":"product_cat-selfcare","7":"product_cat-pocket_mirrors","9":"first","10":"instock","11":"shipping-taxable","12":"purchasable","13":"product-type-variable"},"_links":{"self":[{"href":"https:\/\/www.promotio.sk\/de\/wp-json\/wp\/v2\/product\/17601","targetHints":{"allow":["GET"]}}],"collection":[{"href":"https:\/\/www.promotio.sk\/de\/wp-json\/wp\/v2\/product"}],"about":[{"href":"https:\/\/www.promotio.sk\/de\/wp-json\/wp\/v2\/types\/product"}],"replies":[{"embeddable":true,"href":"https:\/\/www.promotio.sk\/de\/wp-json\/wp\/v2\/comments?post=17601"}],"wp:featuredmedia":[{"embeddable":true,"href":"https:\/\/www.promotio.sk\/de\/wp-json\/wp\/v2\/media\/17602"}],"wp:attachment":[{"href":"https:\/\/www.promotio.sk\/de\/wp-json\/wp\/v2\/media?parent=17601"}],"wp:term":[{"taxonomy":"product_cat","embeddable":true,"href":"https:\/\/www.promotio.sk\/de\/wp-json\/wp\/v2\/product_cat?post=17601"},{"taxonomy":"product_tag","embeddable":true,"href":"https:\/\/www.promotio.sk\/de\/wp-json\/wp\/v2\/product_tag?post=17601"}],"curies":[{"name":"wp","href":"https:\/\/api.w.org\/{rel}","templated":true}]}}