{"id":17571,"date":"2024-03-08T21:33:28","date_gmt":"2024-03-08T20:33:28","guid":{"rendered":"https:\/\/www.promotio.sk\/shop\/nezaraden\u00e9\/marathon\/"},"modified":"2024-03-08T21:34:34","modified_gmt":"2024-03-08T20:34:34","slug":"marathon","status":"publish","type":"product","link":"https:\/\/www.promotio.sk\/de\/shop\/promo-items\/sport_leisure\/sport_accessories\/marathon\/","title":{"rendered":"MARATHON"},"content":{"rendered":"<p>Multifunktioneller Sportg\u00fcrtel aus elastischem, wasserdichtem Gewebe. Gut sichtbarer Rei\u00dfverschluss und Kabel\u00f6se. 100% Polyester. Abnehmbares Etikett.<br \/>Zusammensetzung: 88% Polyester und 12% Elastan.<br \/>Bemerkungen: *23 x 5,5 cm.<br \/>\n*Abnehmbares Etikett.<br \/>\n* Wasserdichtes Modell.<\/p>","protected":false},"excerpt":{"rendered":"<p>Multifunctional sports belt in elastic waterproof fabric.High-visibility zip and cable eyelet. 100% polyester. Removable label.Composition: 88% polyester and 12% elastane.Remarks:<\/p>","protected":false},"featured_media":17572,"comment_status":"open","ping_status":"closed","template":"","meta":[],"product_cat":[413,412],"product_tag":[],"class_list":{"0":"post-17571","1":"product","2":"type-product","3":"status-publish","4":"has-post-thumbnail","6":"product_cat-sport_accessories","7":"product_cat-sport_leisure","9":"first","10":"instock","11":"shipping-taxable","12":"purchasable","13":"product-type-variable"},"_links":{"self":[{"href":"https:\/\/www.promotio.sk\/de\/wp-json\/wp\/v2\/product\/17571","targetHints":{"allow":["GET"]}}],"collection":[{"href":"https:\/\/www.promotio.sk\/de\/wp-json\/wp\/v2\/product"}],"about":[{"href":"https:\/\/www.promotio.sk\/de\/wp-json\/wp\/v2\/types\/product"}],"replies":[{"embeddable":true,"href":"https:\/\/www.promotio.sk\/de\/wp-json\/wp\/v2\/comments?post=17571"}],"wp:featuredmedia":[{"embeddable":true,"href":"https:\/\/www.promotio.sk\/de\/wp-json\/wp\/v2\/media\/17572"}],"wp:attachment":[{"href":"https:\/\/www.promotio.sk\/de\/wp-json\/wp\/v2\/media?parent=17571"}],"wp:term":[{"taxonomy":"product_cat","embeddable":true,"href":"https:\/\/www.promotio.sk\/de\/wp-json\/wp\/v2\/product_cat?post=17571"},{"taxonomy":"product_tag","embeddable":true,"href":"https:\/\/www.promotio.sk\/de\/wp-json\/wp\/v2\/product_tag?post=17571"}],"curies":[{"name":"wp","href":"https:\/\/api.w.org\/{rel}","templated":true}]}}