{"id":17408,"date":"2024-03-08T21:24:25","date_gmt":"2024-03-08T20:24:25","guid":{"rendered":"https:\/\/www.promotio.sk\/shop\/nezaraden\u00e9\/canary\/"},"modified":"2024-03-08T21:25:46","modified_gmt":"2024-03-08T20:25:46","slug":"canary","status":"publish","type":"product","link":"https:\/\/www.promotio.sk\/de\/shop\/promo-items\/sport_leisure\/sport_accessories\/canary\/","title":{"rendered":"KANARIENVOGEL"},"content":{"rendered":"<p>Sporttasche mit Doppelgriff und langem verstellbarem Tragegurt. Hauptfach mit doppeltem Rei\u00dfverschluss. Schuhfach mit herausnehmbarem Fach. Feuchtigkeitsbest\u00e4ndig. Harter Boden. Leicht zu reinigen. 53 Liter Fassungsverm\u00f6gen.<br \/>\n<br \/>Zusammensetzung: 100% 600D Polyester, 330 g\/m\u00b2.<br \/>Bemerkungen: * Abnehmbares Etikett.<br \/>\n* Wasserdicht.<br \/>\n* 53 Liter Fassungsverm\u00f6gen.<\/p>","protected":false},"excerpt":{"rendered":"<p>Sports bag with double handle and a long adjustable carry strap. Main pocket with double puller. Shoe pocket with removable<\/p>","protected":false},"featured_media":17409,"comment_status":"open","ping_status":"closed","template":"","meta":[],"product_cat":[413,412],"product_tag":[],"class_list":{"0":"post-17408","1":"product","2":"type-product","3":"status-publish","4":"has-post-thumbnail","6":"product_cat-sport_accessories","7":"product_cat-sport_leisure","9":"first","10":"instock","11":"shipping-taxable","12":"purchasable","13":"product-type-variable"},"_links":{"self":[{"href":"https:\/\/www.promotio.sk\/de\/wp-json\/wp\/v2\/product\/17408","targetHints":{"allow":["GET"]}}],"collection":[{"href":"https:\/\/www.promotio.sk\/de\/wp-json\/wp\/v2\/product"}],"about":[{"href":"https:\/\/www.promotio.sk\/de\/wp-json\/wp\/v2\/types\/product"}],"replies":[{"embeddable":true,"href":"https:\/\/www.promotio.sk\/de\/wp-json\/wp\/v2\/comments?post=17408"}],"wp:featuredmedia":[{"embeddable":true,"href":"https:\/\/www.promotio.sk\/de\/wp-json\/wp\/v2\/media\/17409"}],"wp:attachment":[{"href":"https:\/\/www.promotio.sk\/de\/wp-json\/wp\/v2\/media?parent=17408"}],"wp:term":[{"taxonomy":"product_cat","embeddable":true,"href":"https:\/\/www.promotio.sk\/de\/wp-json\/wp\/v2\/product_cat?post=17408"},{"taxonomy":"product_tag","embeddable":true,"href":"https:\/\/www.promotio.sk\/de\/wp-json\/wp\/v2\/product_tag?post=17408"}],"curies":[{"name":"wp","href":"https:\/\/api.w.org\/{rel}","templated":true}]}}