{"id":17117,"date":"2024-03-08T14:39:20","date_gmt":"2024-03-08T13:39:20","guid":{"rendered":"https:\/\/www.promotio.sk\/shop\/nezaraden\u00e9\/okra\/"},"modified":"2024-03-08T14:39:55","modified_gmt":"2024-03-08T13:39:55","slug":"okra","status":"publish","type":"product","link":"https:\/\/www.promotio.sk\/de\/shop\/promo-items\/mugs-cups-tableware\/mugs\/okra\/","title":{"rendered":"OKRA"},"content":{"rendered":"<p>Magischer Keramikbecher 350 ml in mattem Finish. Gie\u00dfen Sie hei\u00dfe Fl\u00fcssigkeit hinein und entdecken Sie das versteckte Design.<br \/>\n<br \/>Zusammensetzung:<br \/>\n<br \/>Bemerkungen: Pr\u00e4sentation im wei\u00dfen Karton.<\/p>","protected":false},"excerpt":{"rendered":"<p>Magic ceramic mug 350 ml in matte finish. Pour hot liquid into it and discover the hidden design. Composition: Remarks:<\/p>","protected":false},"featured_media":17118,"comment_status":"open","ping_status":"closed","template":"","meta":[],"product_cat":[372,371],"product_tag":[],"class_list":{"0":"post-17117","1":"product","2":"type-product","3":"status-publish","4":"has-post-thumbnail","6":"product_cat-mugs","7":"product_cat-mugs-cups-tableware","9":"first","10":"instock","11":"shipping-taxable","12":"purchasable","13":"product-type-variable"},"_links":{"self":[{"href":"https:\/\/www.promotio.sk\/de\/wp-json\/wp\/v2\/product\/17117","targetHints":{"allow":["GET"]}}],"collection":[{"href":"https:\/\/www.promotio.sk\/de\/wp-json\/wp\/v2\/product"}],"about":[{"href":"https:\/\/www.promotio.sk\/de\/wp-json\/wp\/v2\/types\/product"}],"replies":[{"embeddable":true,"href":"https:\/\/www.promotio.sk\/de\/wp-json\/wp\/v2\/comments?post=17117"}],"wp:featuredmedia":[{"embeddable":true,"href":"https:\/\/www.promotio.sk\/de\/wp-json\/wp\/v2\/media\/17118"}],"wp:attachment":[{"href":"https:\/\/www.promotio.sk\/de\/wp-json\/wp\/v2\/media?parent=17117"}],"wp:term":[{"taxonomy":"product_cat","embeddable":true,"href":"https:\/\/www.promotio.sk\/de\/wp-json\/wp\/v2\/product_cat?post=17117"},{"taxonomy":"product_tag","embeddable":true,"href":"https:\/\/www.promotio.sk\/de\/wp-json\/wp\/v2\/product_tag?post=17117"}],"curies":[{"name":"wp","href":"https:\/\/api.w.org\/{rel}","templated":true}]}}