{"id":16998,"date":"2024-03-08T14:27:12","date_gmt":"2024-03-08T13:27:12","guid":{"rendered":"https:\/\/www.promotio.sk\/shop\/nezaraden\u00e9\/sacha\/"},"modified":"2024-03-08T14:27:49","modified_gmt":"2024-03-08T13:27:49","slug":"sacha","status":"publish","type":"product","link":"https:\/\/www.promotio.sk\/de\/shop\/promo-items\/mugs-cups-tableware\/mugs\/sacha\/","title":{"rendered":"SACHA"},"content":{"rendered":"<p>Wiederverwendbarer Becher mit einem Fassungsverm\u00f6gen von 380 ml. PP-K\u00f6rper mit Naturkorkbeschichtung. Becher mit Deckel. So k\u00f6nnen Sie Ihre Lieblingsgetr\u00e4nke \u00fcberallhin mitnehmen.<br \/>Zusammensetzung: Deckel aus PP-Kunststoff und Korkk\u00f6rper aus PP.<br \/>Bemerkungen: Pr\u00e4sentation in \u00d6kodesign-Box.<br \/>\nNicht sp\u00fclmaschinenfest.<\/p>","protected":false},"excerpt":{"rendered":"<p>Reusable cup, with a 380 ml capacity. PP body with natural cork coating. Cup with lid. You can take your<\/p>","protected":false},"featured_media":16999,"comment_status":"open","ping_status":"closed","template":"","meta":[],"product_cat":[374,372,371],"product_tag":[],"class_list":{"0":"post-16998","1":"product","2":"type-product","3":"status-publish","4":"has-post-thumbnail","6":"product_cat-cups-jars","7":"product_cat-mugs","8":"product_cat-mugs-cups-tableware","10":"first","11":"instock","12":"shipping-taxable","13":"purchasable","14":"product-type-variable"},"_links":{"self":[{"href":"https:\/\/www.promotio.sk\/de\/wp-json\/wp\/v2\/product\/16998","targetHints":{"allow":["GET"]}}],"collection":[{"href":"https:\/\/www.promotio.sk\/de\/wp-json\/wp\/v2\/product"}],"about":[{"href":"https:\/\/www.promotio.sk\/de\/wp-json\/wp\/v2\/types\/product"}],"replies":[{"embeddable":true,"href":"https:\/\/www.promotio.sk\/de\/wp-json\/wp\/v2\/comments?post=16998"}],"wp:featuredmedia":[{"embeddable":true,"href":"https:\/\/www.promotio.sk\/de\/wp-json\/wp\/v2\/media\/16999"}],"wp:attachment":[{"href":"https:\/\/www.promotio.sk\/de\/wp-json\/wp\/v2\/media?parent=16998"}],"wp:term":[{"taxonomy":"product_cat","embeddable":true,"href":"https:\/\/www.promotio.sk\/de\/wp-json\/wp\/v2\/product_cat?post=16998"},{"taxonomy":"product_tag","embeddable":true,"href":"https:\/\/www.promotio.sk\/de\/wp-json\/wp\/v2\/product_tag?post=16998"}],"curies":[{"name":"wp","href":"https:\/\/api.w.org\/{rel}","templated":true}]}}