{"id":16925,"date":"2024-03-08T14:19:09","date_gmt":"2024-03-08T13:19:09","guid":{"rendered":"https:\/\/www.promotio.sk\/shop\/nezaraden\u00e9\/anon\/"},"modified":"2024-03-08T14:20:44","modified_gmt":"2024-03-08T13:20:44","slug":"anon","status":"publish","type":"product","link":"https:\/\/www.promotio.sk\/de\/shop\/promo-items\/mugs-cups-tableware\/mugs\/anon\/","title":{"rendered":"ANON"},"content":{"rendered":"<p>Metallbecher mit einem Fassungsverm\u00f6gen von 380 ml. Lackiertes Finish und unregelm\u00e4\u00dfige Unvollkommenheiten f\u00fcr einen gr\u00f6\u00dferen Retro-Realismus.<br \/>Zusammensetzung: Metall<br \/>Bemerkungen: Pr\u00e4sentation im wei\u00dfen Karton.<br \/>\nHandw\u00e4sche empfohlen.<\/p>","protected":false},"excerpt":{"rendered":"<p>Metal mug with a 380ml capacity. Lacquered finish design and irregular imperfections to achieve a greater retro realism.Composition: MetalRemarks: Presentation<\/p>","protected":false},"featured_media":16926,"comment_status":"open","ping_status":"closed","template":"","meta":[],"product_cat":[372,371],"product_tag":[],"class_list":{"0":"post-16925","1":"product","2":"type-product","3":"status-publish","4":"has-post-thumbnail","6":"product_cat-mugs","7":"product_cat-mugs-cups-tableware","9":"first","10":"instock","11":"shipping-taxable","12":"purchasable","13":"product-type-variable"},"_links":{"self":[{"href":"https:\/\/www.promotio.sk\/de\/wp-json\/wp\/v2\/product\/16925","targetHints":{"allow":["GET"]}}],"collection":[{"href":"https:\/\/www.promotio.sk\/de\/wp-json\/wp\/v2\/product"}],"about":[{"href":"https:\/\/www.promotio.sk\/de\/wp-json\/wp\/v2\/types\/product"}],"replies":[{"embeddable":true,"href":"https:\/\/www.promotio.sk\/de\/wp-json\/wp\/v2\/comments?post=16925"}],"wp:featuredmedia":[{"embeddable":true,"href":"https:\/\/www.promotio.sk\/de\/wp-json\/wp\/v2\/media\/16926"}],"wp:attachment":[{"href":"https:\/\/www.promotio.sk\/de\/wp-json\/wp\/v2\/media?parent=16925"}],"wp:term":[{"taxonomy":"product_cat","embeddable":true,"href":"https:\/\/www.promotio.sk\/de\/wp-json\/wp\/v2\/product_cat?post=16925"},{"taxonomy":"product_tag","embeddable":true,"href":"https:\/\/www.promotio.sk\/de\/wp-json\/wp\/v2\/product_tag?post=16925"}],"curies":[{"name":"wp","href":"https:\/\/api.w.org\/{rel}","templated":true}]}}