{"id":16590,"date":"2024-03-08T13:46:17","date_gmt":"2024-03-08T12:46:17","guid":{"rendered":"https:\/\/www.promotio.sk\/shop\/nezaraden\u00e9\/adaya\/"},"modified":"2024-03-08T20:26:44","modified_gmt":"2024-03-08T19:26:44","slug":"adaya","status":"publish","type":"product","link":"https:\/\/www.promotio.sk\/de\/shop\/promo-items\/mugs-cups-tableware\/cups-jars\/adaya\/","title":{"rendered":"ADAYA"},"content":{"rendered":"<p>Beh\u00e4lter aus mattiertem Borosilikatglas zum Personalisieren mit Sublimationstechnik. 500 ml Fassungsverm\u00f6gen. Ein Beh\u00e4lter, der zu jedem Unternehmen passt.<br \/>Zusammensetzung: Borosilikatglas.<br \/>Bemerkungen: Pr\u00e4sentation im wei\u00dfen Karton.<\/p>","protected":false},"excerpt":{"rendered":"<p>Frosted borosilicate glass jar to customize with sublimation technique. 500 ml capacity. A jar that adapts to any company.Composition: Borosilicate<\/p>","protected":false},"featured_media":16591,"comment_status":"open","ping_status":"closed","template":"","meta":[],"product_cat":[374,371],"product_tag":[],"class_list":{"0":"post-16590","1":"product","2":"type-product","3":"status-publish","4":"has-post-thumbnail","6":"product_cat-cups-jars","7":"product_cat-mugs-cups-tableware","9":"first","10":"instock","11":"shipping-taxable","12":"purchasable","13":"product-type-variable"},"_links":{"self":[{"href":"https:\/\/www.promotio.sk\/de\/wp-json\/wp\/v2\/product\/16590","targetHints":{"allow":["GET"]}}],"collection":[{"href":"https:\/\/www.promotio.sk\/de\/wp-json\/wp\/v2\/product"}],"about":[{"href":"https:\/\/www.promotio.sk\/de\/wp-json\/wp\/v2\/types\/product"}],"replies":[{"embeddable":true,"href":"https:\/\/www.promotio.sk\/de\/wp-json\/wp\/v2\/comments?post=16590"}],"wp:featuredmedia":[{"embeddable":true,"href":"https:\/\/www.promotio.sk\/de\/wp-json\/wp\/v2\/media\/16591"}],"wp:attachment":[{"href":"https:\/\/www.promotio.sk\/de\/wp-json\/wp\/v2\/media?parent=16590"}],"wp:term":[{"taxonomy":"product_cat","embeddable":true,"href":"https:\/\/www.promotio.sk\/de\/wp-json\/wp\/v2\/product_cat?post=16590"},{"taxonomy":"product_tag","embeddable":true,"href":"https:\/\/www.promotio.sk\/de\/wp-json\/wp\/v2\/product_tag?post=16590"}],"curies":[{"name":"wp","href":"https:\/\/api.w.org\/{rel}","templated":true}]}}