{"id":16508,"date":"2024-03-08T13:37:37","date_gmt":"2024-03-08T12:37:37","guid":{"rendered":"https:\/\/www.promotio.sk\/shop\/nezaraden\u00e9\/diyon\/"},"modified":"2024-03-08T13:38:36","modified_gmt":"2024-03-08T12:38:36","slug":"diyon","status":"publish","type":"product","link":"https:\/\/www.promotio.sk\/de\/shop\/promo-items\/mugs-cups-tableware\/take_away\/diyon\/","title":{"rendered":"DIYON"},"content":{"rendered":"<p>Multifunktionales Besteckset mit Bambusstruktur und Edelstahlzubeh\u00f6r. Korkenzieher und Taschenmesser. Pr\u00e4sentation in \u00d6kodesign-Box.<br \/>Zusammensetzung: Bambus<br \/>Bemerkungen: Presentado en caja dise\u00f1o eco.<\/p>","protected":false},"excerpt":{"rendered":"<p>Multifunctional cutlery set with bamboo structure and stainless steel accessories. Corkscrew and pocketknife. Presentation in eco design box.Composition: Bamb\u00faRemarks: Presentado<\/p>","protected":false},"featured_media":16509,"comment_status":"open","ping_status":"closed","template":"","meta":[],"product_cat":[371,382],"product_tag":[],"class_list":{"0":"post-16508","1":"product","2":"type-product","3":"status-publish","4":"has-post-thumbnail","6":"product_cat-mugs-cups-tableware","7":"product_cat-take_away","9":"first","10":"instock","11":"shipping-taxable","12":"purchasable","13":"product-type-variable"},"_links":{"self":[{"href":"https:\/\/www.promotio.sk\/de\/wp-json\/wp\/v2\/product\/16508","targetHints":{"allow":["GET"]}}],"collection":[{"href":"https:\/\/www.promotio.sk\/de\/wp-json\/wp\/v2\/product"}],"about":[{"href":"https:\/\/www.promotio.sk\/de\/wp-json\/wp\/v2\/types\/product"}],"replies":[{"embeddable":true,"href":"https:\/\/www.promotio.sk\/de\/wp-json\/wp\/v2\/comments?post=16508"}],"wp:featuredmedia":[{"embeddable":true,"href":"https:\/\/www.promotio.sk\/de\/wp-json\/wp\/v2\/media\/16509"}],"wp:attachment":[{"href":"https:\/\/www.promotio.sk\/de\/wp-json\/wp\/v2\/media?parent=16508"}],"wp:term":[{"taxonomy":"product_cat","embeddable":true,"href":"https:\/\/www.promotio.sk\/de\/wp-json\/wp\/v2\/product_cat?post=16508"},{"taxonomy":"product_tag","embeddable":true,"href":"https:\/\/www.promotio.sk\/de\/wp-json\/wp\/v2\/product_tag?post=16508"}],"curies":[{"name":"wp","href":"https:\/\/api.w.org\/{rel}","templated":true}]}}