{"id":16473,"date":"2024-03-08T13:31:42","date_gmt":"2024-03-08T12:31:42","guid":{"rendered":"https:\/\/www.promotio.sk\/shop\/nezaraden\u00e9\/dalby\/"},"modified":"2024-03-08T13:32:46","modified_gmt":"2024-03-08T12:32:46","slug":"dalby","status":"publish","type":"product","link":"https:\/\/www.promotio.sk\/de\/shop\/promo-items\/mugs-cups-tableware\/mugs\/dalby\/","title":{"rendered":"DALBY"},"content":{"rendered":"<p>Borosilikatglas mit farblich abgestuftem Eiseffekt. Deckel und Strohhalm aus Bambus. Fassungsverm\u00f6gen 350 ml. Ideale Tasse mit Farbverlaufsdesign, perfekt f\u00fcr Ihr Gesch\u00e4ft.<br \/>Zusammensetzung: Borosilikatglas<br \/>Bemerkungen: Pr\u00e4sentation in \u00d6kodesign-Box.<\/p>","protected":false},"excerpt":{"rendered":"<p>Colour degraded ice effect borosilicate glass. Bamboo lid and straw. 350 ml capacity. Ideal cup with gradient colour design, perfect<\/p>","protected":false},"featured_media":16474,"comment_status":"open","ping_status":"closed","template":"","meta":[],"product_cat":[374,372,371],"product_tag":[],"class_list":{"0":"post-16473","1":"product","2":"type-product","3":"status-publish","4":"has-post-thumbnail","6":"product_cat-cups-jars","7":"product_cat-mugs","8":"product_cat-mugs-cups-tableware","10":"first","11":"instock","12":"shipping-taxable","13":"purchasable","14":"product-type-variable"},"_links":{"self":[{"href":"https:\/\/www.promotio.sk\/de\/wp-json\/wp\/v2\/product\/16473","targetHints":{"allow":["GET"]}}],"collection":[{"href":"https:\/\/www.promotio.sk\/de\/wp-json\/wp\/v2\/product"}],"about":[{"href":"https:\/\/www.promotio.sk\/de\/wp-json\/wp\/v2\/types\/product"}],"replies":[{"embeddable":true,"href":"https:\/\/www.promotio.sk\/de\/wp-json\/wp\/v2\/comments?post=16473"}],"wp:featuredmedia":[{"embeddable":true,"href":"https:\/\/www.promotio.sk\/de\/wp-json\/wp\/v2\/media\/16474"}],"wp:attachment":[{"href":"https:\/\/www.promotio.sk\/de\/wp-json\/wp\/v2\/media?parent=16473"}],"wp:term":[{"taxonomy":"product_cat","embeddable":true,"href":"https:\/\/www.promotio.sk\/de\/wp-json\/wp\/v2\/product_cat?post=16473"},{"taxonomy":"product_tag","embeddable":true,"href":"https:\/\/www.promotio.sk\/de\/wp-json\/wp\/v2\/product_tag?post=16473"}],"curies":[{"name":"wp","href":"https:\/\/api.w.org\/{rel}","templated":true}]}}