{"id":16388,"date":"2024-03-08T13:16:43","date_gmt":"2024-03-08T12:16:43","guid":{"rendered":"https:\/\/www.promotio.sk\/shop\/nezaraden\u00e9\/kilvex\/"},"modified":"2024-03-08T13:18:14","modified_gmt":"2024-03-08T12:18:14","slug":"kilvex","status":"publish","type":"product","link":"https:\/\/www.promotio.sk\/de\/shop\/promo-items\/mugs-cups-tableware\/mugs\/kilvex\/","title":{"rendered":"KILVEX"},"content":{"rendered":"<p>Der Becher aus recyceltem 304 Edelstahl ist eine nachhaltige und stilvolle Wahl, um Ihre Lieblingsgetr\u00e4nke zu genie\u00dfen. Mit einem Fassungsverm\u00f6gen von 350 ml ist er perfekt, um ihn \u00fcberallhin mitzunehmen. Der Korkboden verleiht nicht nur einen Hauch von einzigartigem Stil, sondern bietet auch einen rutschfesten Griff. Dieser aus recyceltem Edelstahl gefertigte Becher ist langlebig und korrosionsbest\u00e4ndig. Au\u00dferdem h\u00e4lt sein doppelwandiges Design Ihre Getr\u00e4nke l\u00e4nger hei\u00df oder kalt. Ob zu Hause, bei der Arbeit oder bei Ihren Outdoor-Aktivit\u00e4ten, dieser Becher bietet Ihnen die perfekte Kombination aus Funktionalit\u00e4t und Nachhaltigkeit.<br \/>Zusammensetzung: Acero reciclado inoxidable.<br \/>Anmerkungen: Pr\u00e4sentation in caja dise\u00f1o eco.<\/p>","protected":false},"excerpt":{"rendered":"<p>The recycled 304 stainless steel cup is a sustainable and stylish choice to enjoy your favourite drinks. With a 350ml<\/p>","protected":false},"featured_media":16389,"comment_status":"open","ping_status":"closed","template":"","meta":[],"product_cat":[374,372,371],"product_tag":[],"class_list":{"0":"post-16388","1":"product","2":"type-product","3":"status-publish","4":"has-post-thumbnail","6":"product_cat-cups-jars","7":"product_cat-mugs","8":"product_cat-mugs-cups-tableware","10":"first","11":"instock","12":"shipping-taxable","13":"purchasable","14":"product-type-variable"},"_links":{"self":[{"href":"https:\/\/www.promotio.sk\/de\/wp-json\/wp\/v2\/product\/16388","targetHints":{"allow":["GET"]}}],"collection":[{"href":"https:\/\/www.promotio.sk\/de\/wp-json\/wp\/v2\/product"}],"about":[{"href":"https:\/\/www.promotio.sk\/de\/wp-json\/wp\/v2\/types\/product"}],"replies":[{"embeddable":true,"href":"https:\/\/www.promotio.sk\/de\/wp-json\/wp\/v2\/comments?post=16388"}],"wp:featuredmedia":[{"embeddable":true,"href":"https:\/\/www.promotio.sk\/de\/wp-json\/wp\/v2\/media\/16389"}],"wp:attachment":[{"href":"https:\/\/www.promotio.sk\/de\/wp-json\/wp\/v2\/media?parent=16388"}],"wp:term":[{"taxonomy":"product_cat","embeddable":true,"href":"https:\/\/www.promotio.sk\/de\/wp-json\/wp\/v2\/product_cat?post=16388"},{"taxonomy":"product_tag","embeddable":true,"href":"https:\/\/www.promotio.sk\/de\/wp-json\/wp\/v2\/product_tag?post=16388"}],"curies":[{"name":"wp","href":"https:\/\/api.w.org\/{rel}","templated":true}]}}