{"id":16260,"date":"2024-03-08T13:03:37","date_gmt":"2024-03-08T12:03:37","guid":{"rendered":"https:\/\/www.promotio.sk\/shop\/nezaraden\u00e9\/nasik\/"},"modified":"2024-03-08T13:04:56","modified_gmt":"2024-03-08T12:04:56","slug":"nasik","status":"publish","type":"product","link":"https:\/\/www.promotio.sk\/de\/shop\/promo-items\/mugs-cups-tableware\/mugs\/nasik\/","title":{"rendered":"NASIK"},"content":{"rendered":"<p>Doppelwandiger Becher aus 304 Edelstahl mit matter Oberfl\u00e4che. Karabinergriff aus recyceltem Aluminium. 300 ml Fassungsverm\u00f6gen. Pr\u00e4sentation in \u00d6ko-Box.<br \/>Zusammensetzung: Acero inoxidable recicladado<br \/>Bemerkungen: Pr\u00e4sentation in caja eco.<\/p>","protected":false},"excerpt":{"rendered":"<p>Double-walled 304 stainless steel mug in matt finish. Carabiner handle in recycled aluminium. 300 ml capacity. Presentation in eco box.Composition:<\/p>","protected":false},"featured_media":16261,"comment_status":"open","ping_status":"closed","template":"","meta":[],"product_cat":[372,371],"product_tag":[],"class_list":{"0":"post-16260","1":"product","2":"type-product","3":"status-publish","4":"has-post-thumbnail","6":"product_cat-mugs","7":"product_cat-mugs-cups-tableware","9":"first","10":"instock","11":"shipping-taxable","12":"purchasable","13":"product-type-variable"},"_links":{"self":[{"href":"https:\/\/www.promotio.sk\/de\/wp-json\/wp\/v2\/product\/16260","targetHints":{"allow":["GET"]}}],"collection":[{"href":"https:\/\/www.promotio.sk\/de\/wp-json\/wp\/v2\/product"}],"about":[{"href":"https:\/\/www.promotio.sk\/de\/wp-json\/wp\/v2\/types\/product"}],"replies":[{"embeddable":true,"href":"https:\/\/www.promotio.sk\/de\/wp-json\/wp\/v2\/comments?post=16260"}],"wp:featuredmedia":[{"embeddable":true,"href":"https:\/\/www.promotio.sk\/de\/wp-json\/wp\/v2\/media\/16261"}],"wp:attachment":[{"href":"https:\/\/www.promotio.sk\/de\/wp-json\/wp\/v2\/media?parent=16260"}],"wp:term":[{"taxonomy":"product_cat","embeddable":true,"href":"https:\/\/www.promotio.sk\/de\/wp-json\/wp\/v2\/product_cat?post=16260"},{"taxonomy":"product_tag","embeddable":true,"href":"https:\/\/www.promotio.sk\/de\/wp-json\/wp\/v2\/product_tag?post=16260"}],"curies":[{"name":"wp","href":"https:\/\/api.w.org\/{rel}","templated":true}]}}