{"id":16238,"date":"2024-03-08T13:01:41","date_gmt":"2024-03-08T12:01:41","guid":{"rendered":"https:\/\/www.promotio.sk\/shop\/nezaraden\u00e9\/lixi\/"},"modified":"2024-03-08T13:02:23","modified_gmt":"2024-03-08T12:02:23","slug":"lixi","status":"publish","type":"product","link":"https:\/\/www.promotio.sk\/de\/shop\/promo-items\/mugs-cups-tableware\/mugs\/lixi\/","title":{"rendered":"LIXI"},"content":{"rendered":"<p>350 ml Keramiktasse, speziell f\u00fcr Sublimation. Pr\u00e4sentation in wei\u00dfer Box.<br \/>Zusammensetzung: Keramik<br \/>Bemerkungen: Presentaci\u00f3n en caja blanca.<\/p>","protected":false},"excerpt":{"rendered":"<p>350 ml ceramic mug, special for sublimation. Presentation in white box.Composition: Cer\u00e1micaRemarks: Presentaci\u00f3n en caja blanca.<\/p>","protected":false},"featured_media":16239,"comment_status":"open","ping_status":"closed","template":"","meta":[],"product_cat":[372,371],"product_tag":[],"class_list":{"0":"post-16238","1":"product","2":"type-product","3":"status-publish","4":"has-post-thumbnail","6":"product_cat-mugs","7":"product_cat-mugs-cups-tableware","9":"first","10":"instock","11":"shipping-taxable","12":"purchasable","13":"product-type-variable"},"_links":{"self":[{"href":"https:\/\/www.promotio.sk\/de\/wp-json\/wp\/v2\/product\/16238","targetHints":{"allow":["GET"]}}],"collection":[{"href":"https:\/\/www.promotio.sk\/de\/wp-json\/wp\/v2\/product"}],"about":[{"href":"https:\/\/www.promotio.sk\/de\/wp-json\/wp\/v2\/types\/product"}],"replies":[{"embeddable":true,"href":"https:\/\/www.promotio.sk\/de\/wp-json\/wp\/v2\/comments?post=16238"}],"wp:featuredmedia":[{"embeddable":true,"href":"https:\/\/www.promotio.sk\/de\/wp-json\/wp\/v2\/media\/16239"}],"wp:attachment":[{"href":"https:\/\/www.promotio.sk\/de\/wp-json\/wp\/v2\/media?parent=16238"}],"wp:term":[{"taxonomy":"product_cat","embeddable":true,"href":"https:\/\/www.promotio.sk\/de\/wp-json\/wp\/v2\/product_cat?post=16238"},{"taxonomy":"product_tag","embeddable":true,"href":"https:\/\/www.promotio.sk\/de\/wp-json\/wp\/v2\/product_tag?post=16238"}],"curies":[{"name":"wp","href":"https:\/\/api.w.org\/{rel}","templated":true}]}}