{"id":16146,"date":"2024-03-08T12:53:09","date_gmt":"2024-03-08T11:53:09","guid":{"rendered":"https:\/\/www.promotio.sk\/shop\/nezaraden\u00e9\/cardif\/"},"modified":"2024-03-08T12:54:42","modified_gmt":"2024-03-08T11:54:42","slug":"cardif","status":"publish","type":"product","link":"https:\/\/www.promotio.sk\/de\/shop\/promo-items\/mugs-cups-tableware\/mugs\/cardif\/","title":{"rendered":"CARDIF"},"content":{"rendered":"<p>Emaillierter Metallbecher im Retro-Stil. Fassungsverm\u00f6gen 380 ml. Becher im Vintage-Design mit Emaille-Finish. Aus robustem Metall gefertigt, ist er perfekt, um Ihr Lieblingsgetr\u00e4nk mit einem Hauch klassischer Eleganz zu genie\u00dfen. Ideal zum Fr\u00fchst\u00fcck, f\u00fcrs B\u00fcro oder f\u00fcr Ihre Ausfl\u00fcge in die Natur, ist dieser Becher die ideale Erg\u00e4nzung f\u00fcr alle, die Retro-\u00c4sthetik und langlebige Qualit\u00e4t zu sch\u00e4tzen wissen. <br \/>Zusammensetzung: Metall<br \/>Bemerkungen: Presentaci\u00f3n en caja blanca.<\/p>","protected":false},"excerpt":{"rendered":"<p>Retro-style enameled metal mug. 380 ml capacity. Vintage design mug with enamel finish. Made of durable metal, it&#8217;s perfect for<\/p>","protected":false},"featured_media":16147,"comment_status":"open","ping_status":"closed","template":"","meta":[],"product_cat":[372,371],"product_tag":[],"class_list":{"0":"post-16146","1":"product","2":"type-product","3":"status-publish","4":"has-post-thumbnail","6":"product_cat-mugs","7":"product_cat-mugs-cups-tableware","9":"first","10":"instock","11":"shipping-taxable","12":"purchasable","13":"product-type-variable"},"_links":{"self":[{"href":"https:\/\/www.promotio.sk\/de\/wp-json\/wp\/v2\/product\/16146","targetHints":{"allow":["GET"]}}],"collection":[{"href":"https:\/\/www.promotio.sk\/de\/wp-json\/wp\/v2\/product"}],"about":[{"href":"https:\/\/www.promotio.sk\/de\/wp-json\/wp\/v2\/types\/product"}],"replies":[{"embeddable":true,"href":"https:\/\/www.promotio.sk\/de\/wp-json\/wp\/v2\/comments?post=16146"}],"wp:featuredmedia":[{"embeddable":true,"href":"https:\/\/www.promotio.sk\/de\/wp-json\/wp\/v2\/media\/16147"}],"wp:attachment":[{"href":"https:\/\/www.promotio.sk\/de\/wp-json\/wp\/v2\/media?parent=16146"}],"wp:term":[{"taxonomy":"product_cat","embeddable":true,"href":"https:\/\/www.promotio.sk\/de\/wp-json\/wp\/v2\/product_cat?post=16146"},{"taxonomy":"product_tag","embeddable":true,"href":"https:\/\/www.promotio.sk\/de\/wp-json\/wp\/v2\/product_tag?post=16146"}],"curies":[{"name":"wp","href":"https:\/\/api.w.org\/{rel}","templated":true}]}}