{"id":16138,"date":"2024-03-08T12:52:23","date_gmt":"2024-03-08T11:52:23","guid":{"rendered":"https:\/\/www.promotio.sk\/shop\/nezaraden\u00e9\/keila\/"},"modified":"2024-03-08T12:53:05","modified_gmt":"2024-03-08T11:53:05","slug":"keila","status":"publish","type":"product","link":"https:\/\/www.promotio.sk\/de\/shop\/promo-items\/mugs-cups-tableware\/mugs\/keila\/","title":{"rendered":"KEILA"},"content":{"rendered":"<p>Der Edelstahlbecher mit Kupferbeschichtung ist eine stilvolle und elegante M\u00f6glichkeit, Ihre Lieblingsgetr\u00e4nke zu genie\u00dfen. Sein Design zeichnet sich durch eine Kupferoberfl\u00e4che und einen goldenen Griff aus, der ihm einen zus\u00e4tzlichen Hauch von Stil verleiht. Mit einem Fassungsverm\u00f6gen von 500 ml ist dieser Becher perfekt, um eine gute Tasse Kaffee, Tee oder jedes andere hei\u00dfe oder kalte Getr\u00e4nk zu genie\u00dfen, das Sie m\u00f6gen.<br \/>\nDar\u00fcber hinaus verleiht die \u00e4u\u00dfere Kupferbeschichtung ihm nicht nur ein attraktives Aussehen, sondern tr\u00e4gt auch dazu bei, die Temperatur Ihrer Getr\u00e4nke l\u00e4nger zu halten. Egal, ob Sie Ihren Kaffee an kalten Wintermorgen warm halten oder im Sommer ein erfrischendes Getr\u00e4nk genie\u00dfen m\u00f6chten, dieser Becher wird Ihre Erwartungen erf\u00fcllen.<br \/>\nDie Tasse wird in einer Designerbox geliefert und ist somit eine tolle Geschenkidee. Mit dieser einzigartigen, hochwertigen Tasse k\u00f6nnen Sie eine besondere Person \u00fcberraschen.<br \/>Zusammensetzung: Acero inoxidable.<br \/>Bemerkungen: Pr\u00e4sentation in Designbox.<\/p>","protected":false},"excerpt":{"rendered":"<p>The stainless steel mug with outer copper coating is a stylish and sophisticated option to enjoy your favourite drinks. Its<\/p>","protected":false},"featured_media":16139,"comment_status":"open","ping_status":"closed","template":"","meta":[],"product_cat":[372,371],"product_tag":[],"class_list":{"0":"post-16138","1":"product","2":"type-product","3":"status-publish","4":"has-post-thumbnail","6":"product_cat-mugs","7":"product_cat-mugs-cups-tableware","9":"first","10":"instock","11":"shipping-taxable","12":"purchasable","13":"product-type-variable"},"_links":{"self":[{"href":"https:\/\/www.promotio.sk\/de\/wp-json\/wp\/v2\/product\/16138","targetHints":{"allow":["GET"]}}],"collection":[{"href":"https:\/\/www.promotio.sk\/de\/wp-json\/wp\/v2\/product"}],"about":[{"href":"https:\/\/www.promotio.sk\/de\/wp-json\/wp\/v2\/types\/product"}],"replies":[{"embeddable":true,"href":"https:\/\/www.promotio.sk\/de\/wp-json\/wp\/v2\/comments?post=16138"}],"wp:featuredmedia":[{"embeddable":true,"href":"https:\/\/www.promotio.sk\/de\/wp-json\/wp\/v2\/media\/16139"}],"wp:attachment":[{"href":"https:\/\/www.promotio.sk\/de\/wp-json\/wp\/v2\/media?parent=16138"}],"wp:term":[{"taxonomy":"product_cat","embeddable":true,"href":"https:\/\/www.promotio.sk\/de\/wp-json\/wp\/v2\/product_cat?post=16138"},{"taxonomy":"product_tag","embeddable":true,"href":"https:\/\/www.promotio.sk\/de\/wp-json\/wp\/v2\/product_tag?post=16138"}],"curies":[{"name":"wp","href":"https:\/\/api.w.org\/{rel}","templated":true}]}}