{"id":16130,"date":"2024-03-08T12:51:39","date_gmt":"2024-03-08T11:51:39","guid":{"rendered":"https:\/\/www.promotio.sk\/shop\/nezaraden\u00e9\/liria\/"},"modified":"2024-03-08T12:52:20","modified_gmt":"2024-03-08T11:52:20","slug":"liria","status":"publish","type":"product","link":"https:\/\/www.promotio.sk\/de\/shop\/promo-items\/mugs-cups-tableware\/mugs\/liria\/","title":{"rendered":"LIRIA"},"content":{"rendered":"<p>Der Edelstahlbecher mit Kupferbeschichtung au\u00dfen und goldenem Henkel ist mit seinem Fassungsverm\u00f6gen von 480 ml eine elegante und anspruchsvolle Wahl f\u00fcr den Genuss Ihrer Lieblingsgetr\u00e4nke. Edelstahl garantiert seine Haltbarkeit und Robustheit, w\u00e4hrend die Kupferbeschichtung au\u00dfen ihm ein unverwechselbares und elegantes Aussehen verleiht.<br \/>\nDer goldene Henkel verleiht dem Becher einen besonders stilvollen Touch und erm\u00f6glicht ein bequemes und elegantes Halten.<br \/>\nDar\u00fcber hinaus verleiht ihm die \u00e4u\u00dfere Kupferbeschichtung nicht nur ein attraktives Aussehen, sondern tr\u00e4gt auch dazu bei, die Temperatur Ihrer Getr\u00e4nke l\u00e4nger zu halten. Egal, ob Sie im Winter ein hei\u00dfes Getr\u00e4nk genie\u00dfen oder sich im Sommer mit einem kalten Getr\u00e4nk abk\u00fchlen m\u00f6chten, dieser Becher wird Ihre Erwartungen erf\u00fcllen.<br \/>\n<br \/>Zusammensetzung: Acero inoxidable.<br \/>Bemerkungen: Pr\u00e4sentation in caja dise\u00f1o. <\/p>","protected":false},"excerpt":{"rendered":"<p>The stainless steel mug with outer copper coating and gold handle is an elegant and sophisticated choice to enjoy your<\/p>","protected":false},"featured_media":16131,"comment_status":"open","ping_status":"closed","template":"","meta":[],"product_cat":[372,371],"product_tag":[],"class_list":{"0":"post-16130","1":"product","2":"type-product","3":"status-publish","4":"has-post-thumbnail","6":"product_cat-mugs","7":"product_cat-mugs-cups-tableware","9":"first","10":"instock","11":"shipping-taxable","12":"purchasable","13":"product-type-variable"},"_links":{"self":[{"href":"https:\/\/www.promotio.sk\/de\/wp-json\/wp\/v2\/product\/16130","targetHints":{"allow":["GET"]}}],"collection":[{"href":"https:\/\/www.promotio.sk\/de\/wp-json\/wp\/v2\/product"}],"about":[{"href":"https:\/\/www.promotio.sk\/de\/wp-json\/wp\/v2\/types\/product"}],"replies":[{"embeddable":true,"href":"https:\/\/www.promotio.sk\/de\/wp-json\/wp\/v2\/comments?post=16130"}],"wp:featuredmedia":[{"embeddable":true,"href":"https:\/\/www.promotio.sk\/de\/wp-json\/wp\/v2\/media\/16131"}],"wp:attachment":[{"href":"https:\/\/www.promotio.sk\/de\/wp-json\/wp\/v2\/media?parent=16130"}],"wp:term":[{"taxonomy":"product_cat","embeddable":true,"href":"https:\/\/www.promotio.sk\/de\/wp-json\/wp\/v2\/product_cat?post=16130"},{"taxonomy":"product_tag","embeddable":true,"href":"https:\/\/www.promotio.sk\/de\/wp-json\/wp\/v2\/product_tag?post=16130"}],"curies":[{"name":"wp","href":"https:\/\/api.w.org\/{rel}","templated":true}]}}