{"id":16103,"date":"2024-03-08T12:49:19","date_gmt":"2024-03-08T11:49:19","guid":{"rendered":"https:\/\/www.promotio.sk\/shop\/nezaraden\u00e9\/norval\/"},"modified":"2024-03-08T12:50:17","modified_gmt":"2024-03-08T11:50:17","slug":"norval","status":"publish","type":"product","link":"https:\/\/www.promotio.sk\/de\/shop\/promo-items\/mugs-cups-tableware\/mugs\/norval\/","title":{"rendered":"NORVAL"},"content":{"rendered":"<p>Keramikbecher mit Marmoreffekt-Finish, der Stil und Funktionalit\u00e4t in einem vereint. Mit einem Fassungsverm\u00f6gen von 350 ml ist er perfekt f\u00fcr den Genuss Ihrer Lieblings-Hei\u00dfgetr\u00e4nke. Das Marmoreffekt-Finish verleiht ihm ein elegantes und anspruchsvolles Aussehen. Dieser aus Keramik gefertigte Becher ist langlebig und robust. Ob morgens zu Ihrem Kaffee oder Tee, nachmittags zu einem k\u00f6stlichen Kr\u00e4utertee oder einfach als Dekorationsgegenstand, dieser Keramikbecher bietet Ihnen ein au\u00dfergew\u00f6hnlich angenehmes Trinkerlebnis.<br \/>Zusammensetzung: Keramik.<br \/>Bemerkungen: Pr\u00e4sentation im wei\u00dfen Karton.<\/p>","protected":false},"excerpt":{"rendered":"<p>Ceramic mug with a marble effect finish, combines style and functionality in one piece. With a 350ml capacity, it&#8217;s perfect<\/p>","protected":false},"featured_media":16104,"comment_status":"open","ping_status":"closed","template":"","meta":[],"product_cat":[372,371],"product_tag":[],"class_list":{"0":"post-16103","1":"product","2":"type-product","3":"status-publish","4":"has-post-thumbnail","6":"product_cat-mugs","7":"product_cat-mugs-cups-tableware","9":"first","10":"instock","11":"shipping-taxable","12":"purchasable","13":"product-type-variable"},"_links":{"self":[{"href":"https:\/\/www.promotio.sk\/de\/wp-json\/wp\/v2\/product\/16103","targetHints":{"allow":["GET"]}}],"collection":[{"href":"https:\/\/www.promotio.sk\/de\/wp-json\/wp\/v2\/product"}],"about":[{"href":"https:\/\/www.promotio.sk\/de\/wp-json\/wp\/v2\/types\/product"}],"replies":[{"embeddable":true,"href":"https:\/\/www.promotio.sk\/de\/wp-json\/wp\/v2\/comments?post=16103"}],"wp:featuredmedia":[{"embeddable":true,"href":"https:\/\/www.promotio.sk\/de\/wp-json\/wp\/v2\/media\/16104"}],"wp:attachment":[{"href":"https:\/\/www.promotio.sk\/de\/wp-json\/wp\/v2\/media?parent=16103"}],"wp:term":[{"taxonomy":"product_cat","embeddable":true,"href":"https:\/\/www.promotio.sk\/de\/wp-json\/wp\/v2\/product_cat?post=16103"},{"taxonomy":"product_tag","embeddable":true,"href":"https:\/\/www.promotio.sk\/de\/wp-json\/wp\/v2\/product_tag?post=16103"}],"curies":[{"name":"wp","href":"https:\/\/api.w.org\/{rel}","templated":true}]}}