{"id":16025,"date":"2024-03-08T12:40:39","date_gmt":"2024-03-08T11:40:39","guid":{"rendered":"https:\/\/www.promotio.sk\/shop\/nezaraden\u00e9\/spring\/"},"modified":"2024-03-08T12:41:16","modified_gmt":"2024-03-08T11:41:16","slug":"spring","status":"publish","type":"product","link":"https:\/\/www.promotio.sk\/de\/shop\/promo-items\/party-events\/exhibitions\/spring\/","title":{"rendered":"FR\u00dcHLING"},"content":{"rendered":"<p>Verstellbares Polyesterarmband mit nicht \u00fcbertragbarem Druckverschluss. Speziell f\u00fcr Sublimation. Dies ist ein auf Bestellung gefertigter Artikel.<br \/>Zusammensetzung: Polyester<br \/>Bemerkungen: \u2013 Artikel wird auf Bestellung gefertigt.<br \/>\n\u2013 Sublimationsdruck inklusive.<br \/>\n\u2013 Mindestbestellmenge: 250 St\u00fcck.<br \/>\n\u2013 Weitere Bedingungen auf Anfrage.<\/p>","protected":false},"excerpt":{"rendered":"<p>Adjustable polyester wristband with non-transferable pressure clasp. Special for sublimation. This is a made to order article.Composition: PolyesterRemarks: &#8211; Made<\/p>","protected":false},"featured_media":16026,"comment_status":"open","ping_status":"closed","template":"","meta":[],"product_cat":[376,375],"product_tag":[],"class_list":{"0":"post-16025","1":"product","2":"type-product","3":"status-publish","4":"has-post-thumbnail","6":"product_cat-exhibitions","7":"product_cat-party-events","9":"first","10":"instock","11":"shipping-taxable","12":"purchasable","13":"product-type-variable"},"_links":{"self":[{"href":"https:\/\/www.promotio.sk\/de\/wp-json\/wp\/v2\/product\/16025","targetHints":{"allow":["GET"]}}],"collection":[{"href":"https:\/\/www.promotio.sk\/de\/wp-json\/wp\/v2\/product"}],"about":[{"href":"https:\/\/www.promotio.sk\/de\/wp-json\/wp\/v2\/types\/product"}],"replies":[{"embeddable":true,"href":"https:\/\/www.promotio.sk\/de\/wp-json\/wp\/v2\/comments?post=16025"}],"wp:featuredmedia":[{"embeddable":true,"href":"https:\/\/www.promotio.sk\/de\/wp-json\/wp\/v2\/media\/16026"}],"wp:attachment":[{"href":"https:\/\/www.promotio.sk\/de\/wp-json\/wp\/v2\/media?parent=16025"}],"wp:term":[{"taxonomy":"product_cat","embeddable":true,"href":"https:\/\/www.promotio.sk\/de\/wp-json\/wp\/v2\/product_cat?post=16025"},{"taxonomy":"product_tag","embeddable":true,"href":"https:\/\/www.promotio.sk\/de\/wp-json\/wp\/v2\/product_tag?post=16025"}],"curies":[{"name":"wp","href":"https:\/\/api.w.org\/{rel}","templated":true}]}}