{"id":15902,"date":"2024-03-08T02:56:25","date_gmt":"2024-03-08T01:56:25","guid":{"rendered":"https:\/\/www.promotio.sk\/shop\/nezaraden\u00e9\/zante\/"},"modified":"2024-03-08T02:56:55","modified_gmt":"2024-03-08T01:56:55","slug":"zante","status":"publish","type":"product","link":"https:\/\/www.promotio.sk\/de\/shop\/promo-items\/party-events\/fans_scarves\/zante\/","title":{"rendered":"ZANTE"},"content":{"rendered":"<p>Handf\u00e4cher mit Holzrippen und Baumwollstoff. Pr\u00e4sentation in \u00d6ko-Box.<br \/>Zusammensetzung: Madera y algod\u00f3n<br \/>Bemerkungen: Pr\u00e4sentation in caja eco.<\/p>","protected":false},"excerpt":{"rendered":"<p>Hand fan with wooden ribs and cotton fabric. Presentation in eco box.Composition: Madera y algod\u00f3nRemarks: Presentaci\u00f3n en caja eco.<\/p>","protected":false},"featured_media":15903,"comment_status":"open","ping_status":"closed","template":"","meta":[],"product_cat":[380,375],"product_tag":[],"class_list":{"0":"post-15902","1":"product","2":"type-product","3":"status-publish","4":"has-post-thumbnail","6":"product_cat-fans_scarves","7":"product_cat-party-events","9":"first","10":"instock","11":"shipping-taxable","12":"product-type-variable"},"_links":{"self":[{"href":"https:\/\/www.promotio.sk\/de\/wp-json\/wp\/v2\/product\/15902","targetHints":{"allow":["GET"]}}],"collection":[{"href":"https:\/\/www.promotio.sk\/de\/wp-json\/wp\/v2\/product"}],"about":[{"href":"https:\/\/www.promotio.sk\/de\/wp-json\/wp\/v2\/types\/product"}],"replies":[{"embeddable":true,"href":"https:\/\/www.promotio.sk\/de\/wp-json\/wp\/v2\/comments?post=15902"}],"wp:featuredmedia":[{"embeddable":true,"href":"https:\/\/www.promotio.sk\/de\/wp-json\/wp\/v2\/media\/15903"}],"wp:attachment":[{"href":"https:\/\/www.promotio.sk\/de\/wp-json\/wp\/v2\/media?parent=15902"}],"wp:term":[{"taxonomy":"product_cat","embeddable":true,"href":"https:\/\/www.promotio.sk\/de\/wp-json\/wp\/v2\/product_cat?post=15902"},{"taxonomy":"product_tag","embeddable":true,"href":"https:\/\/www.promotio.sk\/de\/wp-json\/wp\/v2\/product_tag?post=15902"}],"curies":[{"name":"wp","href":"https:\/\/api.w.org\/{rel}","templated":true}]}}