{"id":15894,"date":"2024-03-07T23:55:51","date_gmt":"2024-03-07T22:55:51","guid":{"rendered":"https:\/\/www.promotio.sk\/shop\/nezaraden\u00e9\/milos\/"},"modified":"2024-03-08T02:56:22","modified_gmt":"2024-03-08T01:56:22","slug":"milos","status":"publish","type":"product","link":"https:\/\/www.promotio.sk\/de\/shop\/promo-items\/party-events\/fans_scarves\/milos\/","title":{"rendered":"MILOS"},"content":{"rendered":"<p>Handf\u00e4cher mit Holzrippen und RPET-Gewebe. Pr\u00e4sentation in \u00d6ko-Box.<br \/>Zusammensetzung: Holz und RPET<br \/>Bemerkungen: Pr\u00e4sentation in caja eco.<\/p>","protected":false},"excerpt":{"rendered":"<p>Hand fan with wooden ribs and RPET fabric. Presentation in eco box.Composition: Madera y RPETRemarks: Presentaci\u00f3n en caja eco.<\/p>","protected":false},"featured_media":15895,"comment_status":"open","ping_status":"closed","template":"","meta":[],"product_cat":[380,375],"product_tag":[],"class_list":{"0":"post-15894","1":"product","2":"type-product","3":"status-publish","4":"has-post-thumbnail","6":"product_cat-fans_scarves","7":"product_cat-party-events","9":"first","10":"instock","11":"shipping-taxable","12":"purchasable","13":"product-type-variable"},"_links":{"self":[{"href":"https:\/\/www.promotio.sk\/de\/wp-json\/wp\/v2\/product\/15894","targetHints":{"allow":["GET"]}}],"collection":[{"href":"https:\/\/www.promotio.sk\/de\/wp-json\/wp\/v2\/product"}],"about":[{"href":"https:\/\/www.promotio.sk\/de\/wp-json\/wp\/v2\/types\/product"}],"replies":[{"embeddable":true,"href":"https:\/\/www.promotio.sk\/de\/wp-json\/wp\/v2\/comments?post=15894"}],"wp:featuredmedia":[{"embeddable":true,"href":"https:\/\/www.promotio.sk\/de\/wp-json\/wp\/v2\/media\/15895"}],"wp:attachment":[{"href":"https:\/\/www.promotio.sk\/de\/wp-json\/wp\/v2\/media?parent=15894"}],"wp:term":[{"taxonomy":"product_cat","embeddable":true,"href":"https:\/\/www.promotio.sk\/de\/wp-json\/wp\/v2\/product_cat?post=15894"},{"taxonomy":"product_tag","embeddable":true,"href":"https:\/\/www.promotio.sk\/de\/wp-json\/wp\/v2\/product_tag?post=15894"}],"curies":[{"name":"wp","href":"https:\/\/api.w.org\/{rel}","templated":true}]}}