{"id":15871,"date":"2024-03-07T23:22:58","date_gmt":"2024-03-07T22:22:58","guid":{"rendered":"https:\/\/www.promotio.sk\/shop\/nezaraden\u00e9\/coiba\/"},"modified":"2024-03-07T23:23:56","modified_gmt":"2024-03-07T22:23:56","slug":"coiba","status":"publish","type":"product","link":"https:\/\/www.promotio.sk\/de\/shop\/promo-items\/bottles_thermos_\/coiba\/","title":{"rendered":"COIBA"},"content":{"rendered":"<p>Thermoflasche aus doppelwandigem 304 Edelstahl mit Bambusdetail. Ideale Flasche, um Getr\u00e4nke kalt und warm zu halten. Deckel mit Griffst\u00fctzfunktion, ideal f\u00fcr Smartphones. 450 ml Fassungsverm\u00f6gen.<br \/>Zusammensetzung: Acero inoxidable 304<br \/>Bemerkungen: Pr\u00e4sentation in \u00d6kodesign-Box.<br \/>\nNicht sp\u00fclmaschinenfest.<\/p>","protected":false},"excerpt":{"rendered":"<p>Thermal 304 stainless steel double wall bottle with bamboo detail. Ideal bottle to keep drinks cold and hot. Lid with<\/p>","protected":false},"featured_media":15872,"comment_status":"open","ping_status":"closed","template":"","meta":[],"product_cat":[364],"product_tag":[],"class_list":{"0":"post-15871","1":"product","2":"type-product","3":"status-publish","4":"has-post-thumbnail","6":"product_cat-bottles_thermos_","8":"first","9":"instock","10":"shipping-taxable","11":"purchasable","12":"product-type-variable"},"_links":{"self":[{"href":"https:\/\/www.promotio.sk\/de\/wp-json\/wp\/v2\/product\/15871","targetHints":{"allow":["GET"]}}],"collection":[{"href":"https:\/\/www.promotio.sk\/de\/wp-json\/wp\/v2\/product"}],"about":[{"href":"https:\/\/www.promotio.sk\/de\/wp-json\/wp\/v2\/types\/product"}],"replies":[{"embeddable":true,"href":"https:\/\/www.promotio.sk\/de\/wp-json\/wp\/v2\/comments?post=15871"}],"wp:featuredmedia":[{"embeddable":true,"href":"https:\/\/www.promotio.sk\/de\/wp-json\/wp\/v2\/media\/15872"}],"wp:attachment":[{"href":"https:\/\/www.promotio.sk\/de\/wp-json\/wp\/v2\/media?parent=15871"}],"wp:term":[{"taxonomy":"product_cat","embeddable":true,"href":"https:\/\/www.promotio.sk\/de\/wp-json\/wp\/v2\/product_cat?post=15871"},{"taxonomy":"product_tag","embeddable":true,"href":"https:\/\/www.promotio.sk\/de\/wp-json\/wp\/v2\/product_tag?post=15871"}],"curies":[{"name":"wp","href":"https:\/\/api.w.org\/{rel}","templated":true}]}}