{"id":15849,"date":"2024-03-07T23:21:05","date_gmt":"2024-03-07T22:21:05","guid":{"rendered":"https:\/\/www.promotio.sk\/shop\/nezaraden\u00e9\/saoko\/"},"modified":"2024-03-07T23:21:44","modified_gmt":"2024-03-07T22:21:44","slug":"saoko","status":"publish","type":"product","link":"https:\/\/www.promotio.sk\/de\/shop\/promo-items\/bottles_thermos_\/glass_bottles\/saoko\/","title":{"rendered":"Saoko-Kette"},"content":{"rendered":"<p>Doppelwandige Borosilikatglasflasche mit Bambusdeckel. Inklusive Tee-Ei, damit Sie \u00fcberall trinken k\u00f6nnen. 420 ml Fassungsverm\u00f6gen.<br \/>Zusammensetzung: Borosilikatglas<br \/>Bemerkungen: Pr\u00e4sentation in \u00d6kodesign-Box.<br \/>\nNicht sp\u00fclmaschinenfest.<\/p>","protected":false},"excerpt":{"rendered":"<p>Double-walled borosilicate glass bottle with bamboo lid. Includes tea infuser, so you can drink it anywhere. 420 ml capacity.Composition: Cristal<\/p>","protected":false},"featured_media":15850,"comment_status":"open","ping_status":"closed","template":"","meta":[],"product_cat":[364,368],"product_tag":[],"class_list":{"0":"post-15849","1":"product","2":"type-product","3":"status-publish","4":"has-post-thumbnail","6":"product_cat-bottles_thermos_","7":"product_cat-glass_bottles","9":"first","10":"instock","11":"shipping-taxable","12":"purchasable","13":"product-type-variable"},"_links":{"self":[{"href":"https:\/\/www.promotio.sk\/de\/wp-json\/wp\/v2\/product\/15849","targetHints":{"allow":["GET"]}}],"collection":[{"href":"https:\/\/www.promotio.sk\/de\/wp-json\/wp\/v2\/product"}],"about":[{"href":"https:\/\/www.promotio.sk\/de\/wp-json\/wp\/v2\/types\/product"}],"replies":[{"embeddable":true,"href":"https:\/\/www.promotio.sk\/de\/wp-json\/wp\/v2\/comments?post=15849"}],"wp:featuredmedia":[{"embeddable":true,"href":"https:\/\/www.promotio.sk\/de\/wp-json\/wp\/v2\/media\/15850"}],"wp:attachment":[{"href":"https:\/\/www.promotio.sk\/de\/wp-json\/wp\/v2\/media?parent=15849"}],"wp:term":[{"taxonomy":"product_cat","embeddable":true,"href":"https:\/\/www.promotio.sk\/de\/wp-json\/wp\/v2\/product_cat?post=15849"},{"taxonomy":"product_tag","embeddable":true,"href":"https:\/\/www.promotio.sk\/de\/wp-json\/wp\/v2\/product_tag?post=15849"}],"curies":[{"name":"wp","href":"https:\/\/api.w.org\/{rel}","templated":true}]}}