{"id":15797,"date":"2024-03-07T23:16:27","date_gmt":"2024-03-07T22:16:27","guid":{"rendered":"https:\/\/www.promotio.sk\/shop\/nezaraden\u00e9\/beluga\/"},"modified":"2024-03-07T23:17:00","modified_gmt":"2024-03-07T22:17:00","slug":"beluga","status":"publish","type":"product","link":"https:\/\/www.promotio.sk\/de\/shop\/promo-items\/bottles_thermos_\/thermos\/beluga\/","title":{"rendered":"BELUGA"},"content":{"rendered":"<p>Doppelwandige Edelstahlflasche 304. Fassungsverm\u00f6gen 850 ml. Gestalten Sie Ihre eigenen Designs in dieser Flasche mit gl\u00e4nzender Oberfl\u00e4che.<br \/>Zusammensetzung: Acero inoxidable 304<br \/>Bemerkungen: Pr\u00e4sentation in Designbox.<\/p>","protected":false},"excerpt":{"rendered":"<p>304 stainless steel bottle with double wall. 850 ml capacity. Make your designs in this bottle with a glossy finish.Composition:<\/p>","protected":false},"featured_media":15798,"comment_status":"open","ping_status":"closed","template":"","meta":[],"product_cat":[364,365],"product_tag":[],"class_list":{"0":"post-15797","1":"product","2":"type-product","3":"status-publish","4":"has-post-thumbnail","6":"product_cat-bottles_thermos_","7":"product_cat-thermos","9":"first","10":"instock","11":"shipping-taxable","12":"purchasable","13":"product-type-variable"},"_links":{"self":[{"href":"https:\/\/www.promotio.sk\/de\/wp-json\/wp\/v2\/product\/15797","targetHints":{"allow":["GET"]}}],"collection":[{"href":"https:\/\/www.promotio.sk\/de\/wp-json\/wp\/v2\/product"}],"about":[{"href":"https:\/\/www.promotio.sk\/de\/wp-json\/wp\/v2\/types\/product"}],"replies":[{"embeddable":true,"href":"https:\/\/www.promotio.sk\/de\/wp-json\/wp\/v2\/comments?post=15797"}],"wp:featuredmedia":[{"embeddable":true,"href":"https:\/\/www.promotio.sk\/de\/wp-json\/wp\/v2\/media\/15798"}],"wp:attachment":[{"href":"https:\/\/www.promotio.sk\/de\/wp-json\/wp\/v2\/media?parent=15797"}],"wp:term":[{"taxonomy":"product_cat","embeddable":true,"href":"https:\/\/www.promotio.sk\/de\/wp-json\/wp\/v2\/product_cat?post=15797"},{"taxonomy":"product_tag","embeddable":true,"href":"https:\/\/www.promotio.sk\/de\/wp-json\/wp\/v2\/product_tag?post=15797"}],"curies":[{"name":"wp","href":"https:\/\/api.w.org\/{rel}","templated":true}]}}