{"id":15780,"date":"2024-03-07T23:15:06","date_gmt":"2024-03-07T22:15:06","guid":{"rendered":"https:\/\/www.promotio.sk\/shop\/nezaraden\u00e9\/magun\/"},"modified":"2024-03-07T23:16:22","modified_gmt":"2024-03-07T22:16:22","slug":"magun","status":"publish","type":"product","link":"https:\/\/www.promotio.sk\/de\/shop\/promo-items\/bottles_thermos_\/bottles\/magun\/","title":{"rendered":"MAGUN"},"content":{"rendered":"<p>Flasche aus Edelstahl 304 in solider Ausf\u00fchrung mit fantastischem Design. Fassungsverm\u00f6gen 800 ml. Wei\u00dfe Farbe f\u00fcr ein besonderes Flair und eine einzigartige Note.<br \/>Zusammensetzung: Edelstahl.<br \/>Bemerkungen: Tropfsicher.<br \/>\nPr\u00e4sentation in Designerbox.<\/p>","protected":false},"excerpt":{"rendered":"<p>304 stainless steel bottle in solid finish with fantastic design. 800 ml capacity. White colour to sublimate and make a<\/p>","protected":false},"featured_media":15781,"comment_status":"open","ping_status":"closed","template":"","meta":[],"product_cat":[367,364],"product_tag":[],"class_list":{"0":"post-15780","1":"product","2":"type-product","3":"status-publish","4":"has-post-thumbnail","6":"product_cat-bottles","7":"product_cat-bottles_thermos_","9":"first","10":"instock","11":"shipping-taxable","12":"purchasable","13":"product-type-variable"},"_links":{"self":[{"href":"https:\/\/www.promotio.sk\/de\/wp-json\/wp\/v2\/product\/15780","targetHints":{"allow":["GET"]}}],"collection":[{"href":"https:\/\/www.promotio.sk\/de\/wp-json\/wp\/v2\/product"}],"about":[{"href":"https:\/\/www.promotio.sk\/de\/wp-json\/wp\/v2\/types\/product"}],"replies":[{"embeddable":true,"href":"https:\/\/www.promotio.sk\/de\/wp-json\/wp\/v2\/comments?post=15780"}],"wp:featuredmedia":[{"embeddable":true,"href":"https:\/\/www.promotio.sk\/de\/wp-json\/wp\/v2\/media\/15781"}],"wp:attachment":[{"href":"https:\/\/www.promotio.sk\/de\/wp-json\/wp\/v2\/media?parent=15780"}],"wp:term":[{"taxonomy":"product_cat","embeddable":true,"href":"https:\/\/www.promotio.sk\/de\/wp-json\/wp\/v2\/product_cat?post=15780"},{"taxonomy":"product_tag","embeddable":true,"href":"https:\/\/www.promotio.sk\/de\/wp-json\/wp\/v2\/product_tag?post=15780"}],"curies":[{"name":"wp","href":"https:\/\/api.w.org\/{rel}","templated":true}]}}