{"id":15735,"date":"2024-03-07T23:11:23","date_gmt":"2024-03-07T22:11:23","guid":{"rendered":"https:\/\/www.promotio.sk\/shop\/nezaraden\u00e9\/fancy\/"},"modified":"2024-03-07T23:12:44","modified_gmt":"2024-03-07T22:12:44","slug":"fancy","status":"publish","type":"product","link":"https:\/\/www.promotio.sk\/de\/shop\/promo-items\/bottles_thermos_\/thermos\/fancy\/","title":{"rendered":"SCHICK"},"content":{"rendered":"<p>Fantastische Thermosflasche aus Edelstahl 304, mit der Sie Ihre Getr\u00e4nke auf der richtigen Temperatur halten. Doppelwandig mit Kupferisolierung. Fassungsverm\u00f6gen 500 ml. Wei\u00dfe Farbe, geeignet f\u00fcr Sublimation. <br \/>Zusammensetzung: Edelstahl.<br \/>Bemerkungen: W\u00e4rmekapazit\u00e4t: 12 Stunden hei\u00df und 48 Stunden kalt.<br \/>\nTropfschutz.<br \/>\nPr\u00e4sentation in Designerbox.<\/p>","protected":false},"excerpt":{"rendered":"<p>Fantastic 304 stainless steel thermal bottle, with which to maintain the right temperature of your drinks. Double wall with copper<\/p>","protected":false},"featured_media":15736,"comment_status":"open","ping_status":"closed","template":"","meta":[],"product_cat":[364,365],"product_tag":[],"class_list":{"0":"post-15735","1":"product","2":"type-product","3":"status-publish","4":"has-post-thumbnail","6":"product_cat-bottles_thermos_","7":"product_cat-thermos","9":"first","10":"instock","11":"shipping-taxable","12":"purchasable","13":"product-type-variable"},"_links":{"self":[{"href":"https:\/\/www.promotio.sk\/de\/wp-json\/wp\/v2\/product\/15735","targetHints":{"allow":["GET"]}}],"collection":[{"href":"https:\/\/www.promotio.sk\/de\/wp-json\/wp\/v2\/product"}],"about":[{"href":"https:\/\/www.promotio.sk\/de\/wp-json\/wp\/v2\/types\/product"}],"replies":[{"embeddable":true,"href":"https:\/\/www.promotio.sk\/de\/wp-json\/wp\/v2\/comments?post=15735"}],"wp:featuredmedia":[{"embeddable":true,"href":"https:\/\/www.promotio.sk\/de\/wp-json\/wp\/v2\/media\/15736"}],"wp:attachment":[{"href":"https:\/\/www.promotio.sk\/de\/wp-json\/wp\/v2\/media?parent=15735"}],"wp:term":[{"taxonomy":"product_cat","embeddable":true,"href":"https:\/\/www.promotio.sk\/de\/wp-json\/wp\/v2\/product_cat?post=15735"},{"taxonomy":"product_tag","embeddable":true,"href":"https:\/\/www.promotio.sk\/de\/wp-json\/wp\/v2\/product_tag?post=15735"}],"curies":[{"name":"wp","href":"https:\/\/api.w.org\/{rel}","templated":true}]}}