{"id":15667,"date":"2024-03-07T23:05:53","date_gmt":"2024-03-07T22:05:53","guid":{"rendered":"https:\/\/www.promotio.sk\/shop\/nezaraden\u00e9\/kale\/"},"modified":"2024-03-07T23:06:44","modified_gmt":"2024-03-07T22:06:44","slug":"kale","status":"publish","type":"product","link":"https:\/\/www.promotio.sk\/de\/shop\/promo-items\/bottles_thermos_\/thermos\/kale\/","title":{"rendered":"GR\u00dcNKOHL"},"content":{"rendered":"<p>Thermoflasche aus doppelwandigem Edelstahl 304, ideal, um Ihre Getr\u00e4nke kalt oder warm zu halten, damit Sie sie den ganzen Tag \u00fcber genie\u00dfen k\u00f6nnen. Der Boden aus Kork verleiht der Flasche ein nat\u00fcrliches und elegantes Aussehen. Sie hat ein Fassungsverm\u00f6gen von 520 ml.<br \/>\n<br \/>Zusammensetzung: Edelstahl.<br \/>Bemerkungen: W\u00e4rmekapazit\u00e4t: 6 Stunden hei\u00df und 15 Stunden kalt.<br \/>\nTropfschutz.<br \/>\nPr\u00e4sentation in Designerbox.<br \/>\nNicht sp\u00fclmaschinenfest.<\/p>","protected":false},"excerpt":{"rendered":"<p>Thermal 304 stainless steel double wall bottle, ideal to keep your drinks cold or hot to enjoy them throughout the<\/p>","protected":false},"featured_media":15668,"comment_status":"open","ping_status":"closed","template":"","meta":[],"product_cat":[364,365],"product_tag":[],"class_list":{"0":"post-15667","1":"product","2":"type-product","3":"status-publish","4":"has-post-thumbnail","6":"product_cat-bottles_thermos_","7":"product_cat-thermos","9":"first","10":"instock","11":"shipping-taxable","12":"purchasable","13":"product-type-variable"},"_links":{"self":[{"href":"https:\/\/www.promotio.sk\/de\/wp-json\/wp\/v2\/product\/15667","targetHints":{"allow":["GET"]}}],"collection":[{"href":"https:\/\/www.promotio.sk\/de\/wp-json\/wp\/v2\/product"}],"about":[{"href":"https:\/\/www.promotio.sk\/de\/wp-json\/wp\/v2\/types\/product"}],"replies":[{"embeddable":true,"href":"https:\/\/www.promotio.sk\/de\/wp-json\/wp\/v2\/comments?post=15667"}],"wp:featuredmedia":[{"embeddable":true,"href":"https:\/\/www.promotio.sk\/de\/wp-json\/wp\/v2\/media\/15668"}],"wp:attachment":[{"href":"https:\/\/www.promotio.sk\/de\/wp-json\/wp\/v2\/media?parent=15667"}],"wp:term":[{"taxonomy":"product_cat","embeddable":true,"href":"https:\/\/www.promotio.sk\/de\/wp-json\/wp\/v2\/product_cat?post=15667"},{"taxonomy":"product_tag","embeddable":true,"href":"https:\/\/www.promotio.sk\/de\/wp-json\/wp\/v2\/product_tag?post=15667"}],"curies":[{"name":"wp","href":"https:\/\/api.w.org\/{rel}","templated":true}]}}