{"id":15582,"date":"2024-03-07T22:59:01","date_gmt":"2024-03-07T21:59:01","guid":{"rendered":"https:\/\/www.promotio.sk\/shop\/nezaraden\u00e9\/yisel\/"},"modified":"2024-03-07T23:00:21","modified_gmt":"2024-03-07T22:00:21","slug":"yisel","status":"publish","type":"product","link":"https:\/\/www.promotio.sk\/de\/shop\/promo-items\/bottles_thermos_\/thermos\/yisel\/","title":{"rendered":"YISEL"},"content":{"rendered":"<p>Thermoflasche aus 304er Stahl mit Doppelschicht- und Vakuum-Kupfer-Isolierung. 750 ml Fassungsverm\u00f6gen. In vielen kr\u00e4ftigen Farben erh\u00e4ltlich.<br \/>Zusammensetzung: Stahl<br \/>Bemerkungen: W\u00e4rmekapazit\u00e4t: 12 Stunden hei\u00df und 48 Stunden kalt.<br \/>\nTropfschutz.<br \/>\nPr\u00e4sentation in Designerbox.<\/p>","protected":false},"excerpt":{"rendered":"<p>304 steel thermal bottle with double layer and vacuum copper insulation. 750 ml capacity. Available in a wide range of<\/p>","protected":false},"featured_media":15583,"comment_status":"open","ping_status":"closed","template":"","meta":[],"product_cat":[364,365],"product_tag":[],"class_list":{"0":"post-15582","1":"product","2":"type-product","3":"status-publish","4":"has-post-thumbnail","6":"product_cat-bottles_thermos_","7":"product_cat-thermos","9":"first","10":"instock","11":"shipping-taxable","12":"purchasable","13":"product-type-variable"},"_links":{"self":[{"href":"https:\/\/www.promotio.sk\/de\/wp-json\/wp\/v2\/product\/15582","targetHints":{"allow":["GET"]}}],"collection":[{"href":"https:\/\/www.promotio.sk\/de\/wp-json\/wp\/v2\/product"}],"about":[{"href":"https:\/\/www.promotio.sk\/de\/wp-json\/wp\/v2\/types\/product"}],"replies":[{"embeddable":true,"href":"https:\/\/www.promotio.sk\/de\/wp-json\/wp\/v2\/comments?post=15582"}],"wp:featuredmedia":[{"embeddable":true,"href":"https:\/\/www.promotio.sk\/de\/wp-json\/wp\/v2\/media\/15583"}],"wp:attachment":[{"href":"https:\/\/www.promotio.sk\/de\/wp-json\/wp\/v2\/media?parent=15582"}],"wp:term":[{"taxonomy":"product_cat","embeddable":true,"href":"https:\/\/www.promotio.sk\/de\/wp-json\/wp\/v2\/product_cat?post=15582"},{"taxonomy":"product_tag","embeddable":true,"href":"https:\/\/www.promotio.sk\/de\/wp-json\/wp\/v2\/product_tag?post=15582"}],"curies":[{"name":"wp","href":"https:\/\/api.w.org\/{rel}","templated":true}]}}