{"id":15501,"date":"2024-03-07T22:42:54","date_gmt":"2024-03-07T21:42:54","guid":{"rendered":"https:\/\/www.promotio.sk\/shop\/nezaraden\u00e9\/freski\/"},"modified":"2024-03-07T22:44:23","modified_gmt":"2024-03-07T21:44:23","slug":"freski","status":"publish","type":"product","link":"https:\/\/www.promotio.sk\/de\/shop\/promo-items\/bottles_thermos_\/thermos\/freski\/","title":{"rendered":"FRESKI"},"content":{"rendered":"<p>Thermosflasche aus Edelstahl 304 in mattierter Ausf\u00fchrung. 1 Liter Fassungsverm\u00f6gen. Tragegriff. Pr\u00e4sentation in Designerbox.<br \/>Zusammensetzung: Edelstahl<\/p>","protected":false},"excerpt":{"rendered":"<p>304 stainless steel thermal bottle in matt finish. 1 litre capacity. Carry handle. Presentation in design box.Composition: Acero inoxidable<\/p>","protected":false},"featured_media":15502,"comment_status":"open","ping_status":"closed","template":"","meta":[],"product_cat":[364,365],"product_tag":[],"class_list":{"0":"post-15501","1":"product","2":"type-product","3":"status-publish","4":"has-post-thumbnail","6":"product_cat-bottles_thermos_","7":"product_cat-thermos","9":"first","10":"instock","11":"shipping-taxable","12":"purchasable","13":"product-type-variable"},"_links":{"self":[{"href":"https:\/\/www.promotio.sk\/de\/wp-json\/wp\/v2\/product\/15501","targetHints":{"allow":["GET"]}}],"collection":[{"href":"https:\/\/www.promotio.sk\/de\/wp-json\/wp\/v2\/product"}],"about":[{"href":"https:\/\/www.promotio.sk\/de\/wp-json\/wp\/v2\/types\/product"}],"replies":[{"embeddable":true,"href":"https:\/\/www.promotio.sk\/de\/wp-json\/wp\/v2\/comments?post=15501"}],"wp:featuredmedia":[{"embeddable":true,"href":"https:\/\/www.promotio.sk\/de\/wp-json\/wp\/v2\/media\/15502"}],"wp:attachment":[{"href":"https:\/\/www.promotio.sk\/de\/wp-json\/wp\/v2\/media?parent=15501"}],"wp:term":[{"taxonomy":"product_cat","embeddable":true,"href":"https:\/\/www.promotio.sk\/de\/wp-json\/wp\/v2\/product_cat?post=15501"},{"taxonomy":"product_tag","embeddable":true,"href":"https:\/\/www.promotio.sk\/de\/wp-json\/wp\/v2\/product_tag?post=15501"}],"curies":[{"name":"wp","href":"https:\/\/api.w.org\/{rel}","templated":true}]}}