{"id":15485,"date":"2024-03-07T22:41:34","date_gmt":"2024-03-07T21:41:34","guid":{"rendered":"https:\/\/www.promotio.sk\/shop\/nezaraden\u00e9\/levu\/"},"modified":"2024-03-07T22:42:51","modified_gmt":"2024-03-07T21:42:51","slug":"levu","status":"publish","type":"product","link":"https:\/\/www.promotio.sk\/de\/shop\/promo-items\/bottles_thermos_\/thermos\/levu\/","title":{"rendered":"LEVU"},"content":{"rendered":"<p>Flasche aus recyceltem 304 Edelstahl in mattem Finish mit Bambusverschluss. 650 ml Fassungsverm\u00f6gen. Pr\u00e4sentation in \u00d6kodesign-Box.<br \/>Zusammensetzung: Acero inoxidable 304 recicladado<\/p>","protected":false},"excerpt":{"rendered":"<p>Recycled 304 stainless steel bottle in a matt finish with bamboo cap. 650 ml capacity. Presentation in eco design box.Composition:<\/p>","protected":false},"featured_media":15486,"comment_status":"open","ping_status":"closed","template":"","meta":[],"product_cat":[364,365],"product_tag":[],"class_list":{"0":"post-15485","1":"product","2":"type-product","3":"status-publish","4":"has-post-thumbnail","6":"product_cat-bottles_thermos_","7":"product_cat-thermos","9":"first","10":"instock","11":"shipping-taxable","12":"purchasable","13":"product-type-variable"},"_links":{"self":[{"href":"https:\/\/www.promotio.sk\/de\/wp-json\/wp\/v2\/product\/15485","targetHints":{"allow":["GET"]}}],"collection":[{"href":"https:\/\/www.promotio.sk\/de\/wp-json\/wp\/v2\/product"}],"about":[{"href":"https:\/\/www.promotio.sk\/de\/wp-json\/wp\/v2\/types\/product"}],"replies":[{"embeddable":true,"href":"https:\/\/www.promotio.sk\/de\/wp-json\/wp\/v2\/comments?post=15485"}],"wp:featuredmedia":[{"embeddable":true,"href":"https:\/\/www.promotio.sk\/de\/wp-json\/wp\/v2\/media\/15486"}],"wp:attachment":[{"href":"https:\/\/www.promotio.sk\/de\/wp-json\/wp\/v2\/media?parent=15485"}],"wp:term":[{"taxonomy":"product_cat","embeddable":true,"href":"https:\/\/www.promotio.sk\/de\/wp-json\/wp\/v2\/product_cat?post=15485"},{"taxonomy":"product_tag","embeddable":true,"href":"https:\/\/www.promotio.sk\/de\/wp-json\/wp\/v2\/product_tag?post=15485"}],"curies":[{"name":"wp","href":"https:\/\/api.w.org\/{rel}","templated":true}]}}