{"id":15473,"date":"2024-03-07T22:40:31","date_gmt":"2024-03-07T21:40:31","guid":{"rendered":"https:\/\/www.promotio.sk\/shop\/nezaraden\u00e9\/vader\/"},"modified":"2024-03-07T22:41:32","modified_gmt":"2024-03-07T21:41:32","slug":"vader","status":"publish","type":"product","link":"https:\/\/www.promotio.sk\/de\/shop\/promo-items\/bottles_thermos_\/thermos\/vader\/","title":{"rendered":"VADER"},"content":{"rendered":"<p>Die Thermoflasche aus recyceltem Edelstahl 304 ist die perfekte Wahl, um Ihre Getr\u00e4nke stundenlang kalt oder warm zu halten. Dank ihrer doppelten Isolierwand h\u00e4lt sie die Temperatur Ihrer Getr\u00e4nke effizient. Der Bambusdeckel und der Korkboden verleihen ihr eine nat\u00fcrliche und nachhaltige Note und bieten einen rutschfesten Griff.<br \/>\nMit einem Fassungsverm\u00f6gen von 650 ml eignet sie sich ideal f\u00fcr die Mitnahme zur Arbeit, zum Sport oder auf Reisen.<br \/>\nDiese Flasche aus hochwertigem Recyclingstahl ist langlebig und robust. Genie\u00dfen Sie Ihre Lieblingsgetr\u00e4nke \u00fcberall und jederzeit mit Stil und ohne sich Gedanken \u00fcber die Temperatur machen zu m\u00fcssen. Umweltfreundliche Flasche.<br \/>Zusammensetzung: Acero reciclado inoxidable, Bambus und Corcho.<br \/>Anmerkungen: Pr\u00e4sentation in caja dise\u00f1o eco.<\/p>","protected":false},"excerpt":{"rendered":"<p>304 Stainless Recycled Steel Thermal Bottle is the perfect choice to keep your drinks cold or hot for hours. With<\/p>","protected":false},"featured_media":15474,"comment_status":"open","ping_status":"closed","template":"","meta":[],"product_cat":[364,365],"product_tag":[],"class_list":{"0":"post-15473","1":"product","2":"type-product","3":"status-publish","4":"has-post-thumbnail","6":"product_cat-bottles_thermos_","7":"product_cat-thermos","9":"first","10":"instock","11":"shipping-taxable","12":"purchasable","13":"product-type-variable"},"_links":{"self":[{"href":"https:\/\/www.promotio.sk\/de\/wp-json\/wp\/v2\/product\/15473","targetHints":{"allow":["GET"]}}],"collection":[{"href":"https:\/\/www.promotio.sk\/de\/wp-json\/wp\/v2\/product"}],"about":[{"href":"https:\/\/www.promotio.sk\/de\/wp-json\/wp\/v2\/types\/product"}],"replies":[{"embeddable":true,"href":"https:\/\/www.promotio.sk\/de\/wp-json\/wp\/v2\/comments?post=15473"}],"wp:featuredmedia":[{"embeddable":true,"href":"https:\/\/www.promotio.sk\/de\/wp-json\/wp\/v2\/media\/15474"}],"wp:attachment":[{"href":"https:\/\/www.promotio.sk\/de\/wp-json\/wp\/v2\/media?parent=15473"}],"wp:term":[{"taxonomy":"product_cat","embeddable":true,"href":"https:\/\/www.promotio.sk\/de\/wp-json\/wp\/v2\/product_cat?post=15473"},{"taxonomy":"product_tag","embeddable":true,"href":"https:\/\/www.promotio.sk\/de\/wp-json\/wp\/v2\/product_tag?post=15473"}],"curies":[{"name":"wp","href":"https:\/\/api.w.org\/{rel}","templated":true}]}}