{"id":15455,"date":"2024-03-07T22:38:57","date_gmt":"2024-03-07T21:38:57","guid":{"rendered":"https:\/\/www.promotio.sk\/shop\/nezaraden\u00e9\/magox\/"},"modified":"2024-03-07T22:40:28","modified_gmt":"2024-03-07T21:40:28","slug":"magox","status":"publish","type":"product","link":"https:\/\/www.promotio.sk\/de\/shop\/promo-items\/bottles_thermos_\/magox\/","title":{"rendered":"MAGOX"},"content":{"rendered":"<p>RPET-Flasche in durchscheinend mattierter Ausf\u00fchrung mit Verschluss, Griff und Boden aus Edelstahl. 600 ml Fassungsverm\u00f6gen. Pr\u00e4sentation in \u00d6kodesign-Karton.<br \/>Zusammensetzung: RPET<br \/>Bemerkungen: Pr\u00e4sentation in \u00d6kodesign-Box.<\/p>","protected":false},"excerpt":{"rendered":"<p>RPET bottle in a translucent frosted finish with stainless steel cap, handle and bottom. 600 ml capacity. Presentation in eco<\/p>","protected":false},"featured_media":15456,"comment_status":"open","ping_status":"closed","template":"","meta":[],"product_cat":[364],"product_tag":[],"class_list":{"0":"post-15455","1":"product","2":"type-product","3":"status-publish","4":"has-post-thumbnail","6":"product_cat-bottles_thermos_","8":"first","9":"instock","10":"shipping-taxable","11":"purchasable","12":"product-type-variable"},"_links":{"self":[{"href":"https:\/\/www.promotio.sk\/de\/wp-json\/wp\/v2\/product\/15455","targetHints":{"allow":["GET"]}}],"collection":[{"href":"https:\/\/www.promotio.sk\/de\/wp-json\/wp\/v2\/product"}],"about":[{"href":"https:\/\/www.promotio.sk\/de\/wp-json\/wp\/v2\/types\/product"}],"replies":[{"embeddable":true,"href":"https:\/\/www.promotio.sk\/de\/wp-json\/wp\/v2\/comments?post=15455"}],"wp:featuredmedia":[{"embeddable":true,"href":"https:\/\/www.promotio.sk\/de\/wp-json\/wp\/v2\/media\/15456"}],"wp:attachment":[{"href":"https:\/\/www.promotio.sk\/de\/wp-json\/wp\/v2\/media?parent=15455"}],"wp:term":[{"taxonomy":"product_cat","embeddable":true,"href":"https:\/\/www.promotio.sk\/de\/wp-json\/wp\/v2\/product_cat?post=15455"},{"taxonomy":"product_tag","embeddable":true,"href":"https:\/\/www.promotio.sk\/de\/wp-json\/wp\/v2\/product_tag?post=15455"}],"curies":[{"name":"wp","href":"https:\/\/api.w.org\/{rel}","templated":true}]}}