{"id":15446,"date":"2024-03-07T22:38:09","date_gmt":"2024-03-07T21:38:09","guid":{"rendered":"https:\/\/www.promotio.sk\/shop\/nezaraden\u00e9\/cedro\/"},"modified":"2024-03-07T22:38:55","modified_gmt":"2024-03-07T21:38:55","slug":"cedro","status":"publish","type":"product","link":"https:\/\/www.promotio.sk\/de\/shop\/promo-items\/bottles_thermos_\/cedro\/","title":{"rendered":"CEDRO"},"content":{"rendered":"<p>Doppelwandige Thermoskanne aus 304 Edelstahl und Bambus mit Sieb. Inklusive digitalem Touch-Thermometer auf dem Deckel, damit Sie die Temperatur Ihres Getr\u00e4nks ablesen k\u00f6nnen. Ideal, um zu wissen, ob Ihr Getr\u00e4nk hei\u00df oder kalt ist. 480 ml Fassungsverm\u00f6gen.<br \/>Zusammensetzung: Edelstahl<br \/>Bemerkungen: Batteriezellenknopf im Lieferumfang enthalten.<br \/>\nPr\u00e4sentation in \u00d6kodesign-Box.<br \/>\nNicht sp\u00fclmaschinenfest.<\/p>","protected":false},"excerpt":{"rendered":"<p>Double-walled thermos in 304 stainless steel and bamboo with infuser. Includes digital touch thermometer on the lid to know the<\/p>","protected":false},"featured_media":15447,"comment_status":"open","ping_status":"closed","template":"","meta":[],"product_cat":[364],"product_tag":[],"class_list":{"0":"post-15446","1":"product","2":"type-product","3":"status-publish","4":"has-post-thumbnail","6":"product_cat-bottles_thermos_","8":"first","9":"instock","10":"shipping-taxable","11":"purchasable","12":"product-type-variable"},"_links":{"self":[{"href":"https:\/\/www.promotio.sk\/de\/wp-json\/wp\/v2\/product\/15446","targetHints":{"allow":["GET"]}}],"collection":[{"href":"https:\/\/www.promotio.sk\/de\/wp-json\/wp\/v2\/product"}],"about":[{"href":"https:\/\/www.promotio.sk\/de\/wp-json\/wp\/v2\/types\/product"}],"replies":[{"embeddable":true,"href":"https:\/\/www.promotio.sk\/de\/wp-json\/wp\/v2\/comments?post=15446"}],"wp:featuredmedia":[{"embeddable":true,"href":"https:\/\/www.promotio.sk\/de\/wp-json\/wp\/v2\/media\/15447"}],"wp:attachment":[{"href":"https:\/\/www.promotio.sk\/de\/wp-json\/wp\/v2\/media?parent=15446"}],"wp:term":[{"taxonomy":"product_cat","embeddable":true,"href":"https:\/\/www.promotio.sk\/de\/wp-json\/wp\/v2\/product_cat?post=15446"},{"taxonomy":"product_tag","embeddable":true,"href":"https:\/\/www.promotio.sk\/de\/wp-json\/wp\/v2\/product_tag?post=15446"}],"curies":[{"name":"wp","href":"https:\/\/api.w.org\/{rel}","templated":true}]}}