{"id":15434,"date":"2024-03-07T22:37:07","date_gmt":"2024-03-07T21:37:07","guid":{"rendered":"https:\/\/www.promotio.sk\/shop\/nezaraden\u00e9\/dango\/"},"modified":"2024-03-07T22:38:05","modified_gmt":"2024-03-07T21:38:05","slug":"dango","status":"publish","type":"product","link":"https:\/\/www.promotio.sk\/de\/shop\/promo-items\/bottles_thermos_\/thermos\/dango\/","title":{"rendered":"Verdammt"},"content":{"rendered":"<p>Mehrzweck-Thermoskanne aus doppelwandigem Edelstahl 304, ideal f\u00fcr Speisen f\u00fcr Erwachsene und Babys oder Kinder. Doppeldeckel mit Klappl\u00f6ffel aus Edelstahl inklusive. 450 ml Fassungsverm\u00f6gen.<br \/>Zusammensetzung: Edelstahl<br \/>Bemerkungen: W\u00e4rmekapazit\u00e4t: 6 Stunden hei\u00df und 15 Stunden kalt.<br \/>\nTropfschutz.<br \/>\nPr\u00e4sentation in Designerbox.<br \/>\nNicht sp\u00fclmaschinenfest.<\/p>","protected":false},"excerpt":{"rendered":"<p>Multipurpose 304 stainless steel double wall thermos, ideal for food for both adults and babies or children. Double lid with<\/p>","protected":false},"featured_media":15435,"comment_status":"open","ping_status":"closed","template":"","meta":[],"product_cat":[364,365],"product_tag":[],"class_list":{"0":"post-15434","1":"product","2":"type-product","3":"status-publish","4":"has-post-thumbnail","6":"product_cat-bottles_thermos_","7":"product_cat-thermos","9":"first","10":"instock","11":"shipping-taxable","12":"purchasable","13":"product-type-variable"},"_links":{"self":[{"href":"https:\/\/www.promotio.sk\/de\/wp-json\/wp\/v2\/product\/15434","targetHints":{"allow":["GET"]}}],"collection":[{"href":"https:\/\/www.promotio.sk\/de\/wp-json\/wp\/v2\/product"}],"about":[{"href":"https:\/\/www.promotio.sk\/de\/wp-json\/wp\/v2\/types\/product"}],"replies":[{"embeddable":true,"href":"https:\/\/www.promotio.sk\/de\/wp-json\/wp\/v2\/comments?post=15434"}],"wp:featuredmedia":[{"embeddable":true,"href":"https:\/\/www.promotio.sk\/de\/wp-json\/wp\/v2\/media\/15435"}],"wp:attachment":[{"href":"https:\/\/www.promotio.sk\/de\/wp-json\/wp\/v2\/media?parent=15434"}],"wp:term":[{"taxonomy":"product_cat","embeddable":true,"href":"https:\/\/www.promotio.sk\/de\/wp-json\/wp\/v2\/product_cat?post=15434"},{"taxonomy":"product_tag","embeddable":true,"href":"https:\/\/www.promotio.sk\/de\/wp-json\/wp\/v2\/product_tag?post=15434"}],"curies":[{"name":"wp","href":"https:\/\/api.w.org\/{rel}","templated":true}]}}