{"id":15408,"date":"2024-03-07T22:35:01","date_gmt":"2024-03-07T21:35:01","guid":{"rendered":"https:\/\/www.promotio.sk\/shop\/nezaraden\u00e9\/tayox\/"},"modified":"2024-03-07T22:35:40","modified_gmt":"2024-03-07T21:35:40","slug":"tayox","status":"publish","type":"product","link":"https:\/\/www.promotio.sk\/de\/shop\/promo-items\/bottles_thermos_\/thermos\/tayox\/","title":{"rendered":"TAYOX"},"content":{"rendered":"<p>Doppelwandige Thermoskanne aus 304er Stahl mit Teesieb und Korkboden. 460 ml Fassungsverm\u00f6gen. Mit der Thermoskanne Tayox vereinen Sie Qualit\u00e4t und Eleganz in einem einzigen Produkt.<\/p>\n<p>Zusammensetzung: Edelstahl und Kork.<br \/>Bemerkungen: W\u00e4rmekapazit\u00e4t: 6 Stunden hei\u00df und 15 Stunden kalt.<br \/>\nTropfschutz.<br \/>\nPr\u00e4sentation in Designerbox.<br \/>\nNicht sp\u00fclmaschinenfest.<\/p>","protected":false},"excerpt":{"rendered":"<p>304 steel double-walled thermos with tea infuser and cork base. 460 ml capacity. With the Tayox thermo, you will combine<\/p>","protected":false},"featured_media":15409,"comment_status":"open","ping_status":"closed","template":"","meta":[],"product_cat":[364,365],"product_tag":[],"class_list":{"0":"post-15408","1":"product","2":"type-product","3":"status-publish","4":"has-post-thumbnail","6":"product_cat-bottles_thermos_","7":"product_cat-thermos","9":"first","10":"instock","11":"shipping-taxable","12":"purchasable","13":"product-type-variable"},"_links":{"self":[{"href":"https:\/\/www.promotio.sk\/de\/wp-json\/wp\/v2\/product\/15408","targetHints":{"allow":["GET"]}}],"collection":[{"href":"https:\/\/www.promotio.sk\/de\/wp-json\/wp\/v2\/product"}],"about":[{"href":"https:\/\/www.promotio.sk\/de\/wp-json\/wp\/v2\/types\/product"}],"replies":[{"embeddable":true,"href":"https:\/\/www.promotio.sk\/de\/wp-json\/wp\/v2\/comments?post=15408"}],"wp:featuredmedia":[{"embeddable":true,"href":"https:\/\/www.promotio.sk\/de\/wp-json\/wp\/v2\/media\/15409"}],"wp:attachment":[{"href":"https:\/\/www.promotio.sk\/de\/wp-json\/wp\/v2\/media?parent=15408"}],"wp:term":[{"taxonomy":"product_cat","embeddable":true,"href":"https:\/\/www.promotio.sk\/de\/wp-json\/wp\/v2\/product_cat?post=15408"},{"taxonomy":"product_tag","embeddable":true,"href":"https:\/\/www.promotio.sk\/de\/wp-json\/wp\/v2\/product_tag?post=15408"}],"curies":[{"name":"wp","href":"https:\/\/api.w.org\/{rel}","templated":true}]}}